{"id":76,"date":"2024-10-29T09:12:16","date_gmt":"2024-10-29T08:12:16","guid":{"rendered":"https:\/\/samorzad.pk.edu.pl\/?page_id=76"},"modified":"2025-10-08T12:02:06","modified_gmt":"2025-10-08T10:02:06","slug":"znaczeniewyroznienia","status":"publish","type":"page","link":"https:\/\/hraward.pk.edu.pl\/en\/znaczeniewyroznienia\/","title":{"rendered":"SIGNIFICANCE OF THE DISTINCTION"},"content":{"rendered":"<div class=\"wp-block-cover alignfull is-light has-ast-global-color-5-color has-text-color has-link-color has-large-font-size wp-elements-2fdbfd778a1341c3c53717a8d6a55374 wp-duotone-unset-1\" style=\"margin-top:0;padding-top:3vw;padding-right:3vw;padding-bottom:3vw;padding-left:3vw;min-height:300px;aspect-ratio:unset;\"><img fetchpriority=\"high\" decoding=\"async\" width=\"1140\" height=\"428\" class=\"wp-block-cover__image-background wp-image-3748 size-full\" alt=\"\" src=\"https:\/\/hraward.pk.edu.pl\/wp-content\/uploads\/2025\/10\/il_politecnico_promosso_con_lode_dalla_commissione_europea_per_l_hr_excellence_in_research_award_articolo_full.png\" data-object-fit=\"cover\" srcset=\"https:\/\/hraward.pk.edu.pl\/wp-content\/uploads\/2025\/10\/il_politecnico_promosso_con_lode_dalla_commissione_europea_per_l_hr_excellence_in_research_award_articolo_full.png 1140w, https:\/\/hraward.pk.edu.pl\/wp-content\/uploads\/2025\/10\/il_politecnico_promosso_con_lode_dalla_commissione_europea_per_l_hr_excellence_in_research_award_articolo_full-200x75.png 200w, https:\/\/hraward.pk.edu.pl\/wp-content\/uploads\/2025\/10\/il_politecnico_promosso_con_lode_dalla_commissione_europea_per_l_hr_excellence_in_research_award_articolo_full-1024x384.png 1024w, https:\/\/hraward.pk.edu.pl\/wp-content\/uploads\/2025\/10\/il_politecnico_promosso_con_lode_dalla_commissione_europea_per_l_hr_excellence_in_research_award_articolo_full-768x288.png 768w\" sizes=\"(max-width: 1140px) 100vw, 1140px\" \/><span aria-hidden=\"true\" class=\"wp-block-cover__background has-background-dim-0 has-background-dim\"><\/span><div class=\"wp-block-cover__inner-container is-layout-flow wp-block-cover-is-layout-flow\">\n<div class=\"wp-block-group has-medium-font-size is-vertical is-content-justification-center is-nowrap is-layout-flex wp-container-core-group-is-layout-c6395fbc wp-block-group-is-layout-flex\" style=\"padding-top:var(--wp--preset--spacing--20);padding-bottom:var(--wp--preset--spacing--20)\">\n<p class=\"has-text-align-center has-ast-global-color-5-color has-text-color has-background has-large-font-size wp-container-content-9cfa9a5a\" style=\"background-color:#1212129c;font-style:normal;font-weight:1000;letter-spacing:0px;line-height:1;text-transform:uppercase\"><strong>SIGNIFICANCE OF THE DISTI<\/strong>NCTION<\/p>\n<\/div>\n<\/div><\/div>\n\n\n\n<div class=\"wp-block-uagb-container uagb-block-b19c1c5f default uagb-is-root-container\">\n<div class=\"wp-block-uagb-container uagb-block-2d516c74\">\n<div class=\"wp-block-uagb-separator uagb-block-569c7147 wp-block-uagb-separator--icon\"><div class=\"wp-block-uagb-separator__inner\" style=\"--my-background-image:\"><div class=\"wp-block-uagb-separator-element\"><svg xmlns=\"https:\/\/www.w3.org\/2000\/svg\" viewbox=\"0 0 512 512\"><path d=\"M512 256C512 397.4 397.4 512 256 512C114.6 512 0 397.4 0 256C0 114.6 114.6 0 256 0C397.4 0 512 114.6 512 256z\"><\/path><\/svg><\/div><\/div><\/div>\n\n\n\n<figure class=\"wp-block-image aligncenter size-full is-resized\"><img decoding=\"async\" width=\"369\" height=\"262\" src=\"https:\/\/hraward.pk.edu.pl\/wp-content\/uploads\/2025\/09\/HR_011.png\" alt=\"\" class=\"wp-image-3447\" style=\"width:282px;height:auto\" srcset=\"https:\/\/hraward.pk.edu.pl\/wp-content\/uploads\/2025\/09\/HR_011.png 369w, https:\/\/hraward.pk.edu.pl\/wp-content\/uploads\/2025\/09\/HR_011-200x142.png 200w\" sizes=\"(max-width: 369px) 100vw, 369px\" \/><\/figure>\n\n\n\n<p class=\"has-text-align-center\"><strong><br>Benefits of holding the HR Excellence in Research award:<\/strong>:<\/p>\n\n\n\n<ul class=\"wp-block-list\">\n<li>An acknowledgment for the university as an institution that provides researchers with the best working conditions, in line with European standards, for conducting scientific or research and development (R&amp;D) activities.<\/li>\n\n\n\n<li>Enhancing the attractiveness of employment at the university, which provides a friendly research environment and adheres to transparent recruitment principles.<\/li>\n\n\n\n<li>Posting job offers on the European researcher recruitment platform EURAXESS.<\/li>\n\n\n\n<li>Providing advantages for the university in international research and innovation grant competitions organized by the European Commission, such as Horizon Europe, as well as in national grant competitions held by the National Science Centre (NCN), the National Centre for Research and Development (NCBR), and in funding programs and competitions of the Ministry of Science and Higher Education.<\/li>\n<\/ul>\n\n\n\n<p class=\"has-text-align-center\"><strong>Other benefits:<\/strong>:<\/p>\n\n\n\n<ul class=\"wp-block-list\">\n<li>The ability to use it in communications with funding institutions and partners (as confirmation of high standards).<\/li>\n\n\n\n<li>Access to good practices at other universities and expert consulting.<\/li>\n\n\n\n<li>Assigning strategic importance to projects aimed at improving working conditions for researchers within universities.<\/li>\n\n\n\n<li>Continuous improvement of working conditions at PK and the university\u2019s organizational culture.<\/li>\n<\/ul>\n\n\n\n<div class=\"wp-block-group is-layout-constrained wp-block-group-is-layout-constrained\">\n<p class=\"has-text-align-center has-ast-global-color-6-background-color has-background\">Holding the distinction in the long term is intended to enhance the university\u2019s competitiveness both as an employer and as an institution conducting scientific and research activities, strengthening the position of Cracow University of Technology as an internationally recognized university with a strong standing in Central and Eastern Europe.<\/p>\n<\/div>\n<\/div>\n<\/div>\n\n\n\n<p><\/p>","protected":false},"excerpt":{"rendered":"<p>Korzy\u015bci z posiadania wyr\u00f3\u017cnienia HR Excellence in Research: Inne korzy\u015bci: Posiadanie wyr\u00f3\u017cnienia w d\u0142u\u017cszej perspektywie ma s\u0142u\u017cy\u0107 poprawie konkurencyjno\u015bci uczelni zar\u00f3wno jako pracodawcy, jak i instytucji prowadz\u0105cej dzia\u0142alno\u015b\u0107 naukow\u0105 oraz badawcz\u0105, ugruntowaniu pozycji Politechniki Krakowskiej uznanej na arenie mi\u0119dzynarodowej z wysok\u0105 pozycj\u0105 w Europie \u015arodkowo-Wschodniej.<\/p>","protected":false},"author":15,"featured_media":0,"parent":0,"menu_order":0,"comment_status":"closed","ping_status":"closed","template":"","meta":{"inline_featured_image":false,"_uag_custom_page_level_css":"","site-sidebar-layout":"default","site-content-layout":"","ast-site-content-layout":"narrow-width-container","site-content-style":"boxed","site-sidebar-style":"default","ast-global-header-display":"","ast-banner-title-visibility":"disabled","ast-main-header-display":"","ast-hfb-above-header-display":"","ast-hfb-below-header-display":"","ast-hfb-mobile-header-display":"","site-post-title":"disabled","ast-breadcrumbs-content":"","ast-featured-img":"","footer-sml-layout":"","ast-disable-related-posts":"","theme-transparent-header-meta":"","adv-header-id-meta":"","stick-header-meta":"","header-above-stick-meta":"","header-main-stick-meta":"","header-below-stick-meta":"","astra-migrate-meta-layouts":"default","ast-page-background-enabled":"default","ast-page-background-meta":{"desktop":{"background-color":"var(--ast-global-color-4)","background-image":"","background-repeat":"repeat","background-position":"center center","background-size":"auto","background-attachment":"scroll","background-type":"","background-media":"","overlay-type":"","overlay-color":"","overlay-opacity":"","overlay-gradient":""},"tablet":{"background-color":"","background-image":"","background-repeat":"repeat","background-position":"center center","background-size":"auto","background-attachment":"scroll","background-type":"","background-media":"","overlay-type":"","overlay-color":"","overlay-opacity":"","overlay-gradient":""},"mobile":{"background-color":"","background-image":"","background-repeat":"repeat","background-position":"center center","background-size":"auto","background-attachment":"scroll","background-type":"","background-media":"","overlay-type":"","overlay-color":"","overlay-opacity":"","overlay-gradient":""}},"ast-content-background-meta":{"desktop":{"background-color":"var(--ast-global-color-5)","background-image":"","background-repeat":"repeat","background-position":"center center","background-size":"auto","background-attachment":"scroll","background-type":"","background-media":"","overlay-type":"","overlay-color":"","overlay-opacity":"","overlay-gradient":""},"tablet":{"background-color":"var(--ast-global-color-5)","background-image":"","background-repeat":"repeat","background-position":"center center","background-size":"auto","background-attachment":"scroll","background-type":"","background-media":"","overlay-type":"","overlay-color":"","overlay-opacity":"","overlay-gradient":""},"mobile":{"background-color":"var(--ast-global-color-5)","background-image":"","background-repeat":"repeat","background-position":"center center","background-size":"auto","background-attachment":"scroll","background-type":"","background-media":"","overlay-type":"","overlay-color":"","overlay-opacity":"","overlay-gradient":""}},"footnotes":""},"class_list":["post-76","page","type-page","status-publish","hentry"],"uagb_featured_image_src":{"full":false,"thumbnail":false,"medium":false,"medium_large":false,"large":false,"1536x1536":false,"2048x2048":false,"trp-custom-language-flag":false},"uagb_author_info":{"display_name":"hr_admin","author_link":"https:\/\/hraward.pk.edu.pl\/en\/author\/hr_admin\/"},"uagb_comment_info":0,"uagb_excerpt":"Korzy\u015bci z posiadania wyr\u00f3\u017cnienia HR Excellence in Research: Inne korzy\u015bci: Posiadanie wyr\u00f3\u017cnienia w d\u0142u\u017cszej perspektywie ma s\u0142u\u017cy\u0107 poprawie konkurencyjno\u015bci uczelni zar\u00f3wno jako pracodawcy, jak i instytucji prowadz\u0105cej dzia\u0142alno\u015b\u0107 naukow\u0105 oraz badawcz\u0105, ugruntowaniu pozycji Politechniki Krakowskiej uznanej na arenie mi\u0119dzynarodowej z wysok\u0105 pozycj\u0105 w Europie \u015arodkowo-Wschodniej.","_links":{"self":[{"href":"https:\/\/hraward.pk.edu.pl\/en\/wp-json\/wp\/v2\/pages\/76","targetHints":{"allow":["GET"]}}],"collection":[{"href":"https:\/\/hraward.pk.edu.pl\/en\/wp-json\/wp\/v2\/pages"}],"about":[{"href":"https:\/\/hraward.pk.edu.pl\/en\/wp-json\/wp\/v2\/types\/page"}],"author":[{"embeddable":true,"href":"https:\/\/hraward.pk.edu.pl\/en\/wp-json\/wp\/v2\/users\/15"}],"replies":[{"embeddable":true,"href":"https:\/\/hraward.pk.edu.pl\/en\/wp-json\/wp\/v2\/comments?post=76"}],"version-history":[{"count":101,"href":"https:\/\/hraward.pk.edu.pl\/en\/wp-json\/wp\/v2\/pages\/76\/revisions"}],"predecessor-version":[{"id":3768,"href":"https:\/\/hraward.pk.edu.pl\/en\/wp-json\/wp\/v2\/pages\/76\/revisions\/3768"}],"wp:attachment":[{"href":"https:\/\/hraward.pk.edu.pl\/en\/wp-json\/wp\/v2\/media?parent=76"}],"curies":[{"name":"wp","href":"https:\/\/api.w.org\/{rel}","templated":true}]}}