{"id":74,"date":"2024-10-29T09:11:05","date_gmt":"2024-10-29T08:11:05","guid":{"rendered":"https:\/\/samorzad.pk.edu.pl\/?page_id=74"},"modified":"2025-10-21T11:10:57","modified_gmt":"2025-10-21T09:10:57","slug":"euraxess","status":"publish","type":"page","link":"https:\/\/hraward.pk.edu.pl\/en\/euraxess\/","title":{"rendered":"EURAXESS"},"content":{"rendered":"<div class=\"wp-block-cover alignfull has-ast-global-color-5-color has-text-color has-link-color has-large-font-size wp-elements-d18171356e8f88197639fd55702cefbb wp-duotone-unset-1\" style=\"margin-top:0;padding-top:3vw;padding-right:3vw;padding-bottom:3vw;padding-left:3vw;min-height:300px;aspect-ratio:unset;\"><img fetchpriority=\"high\" decoding=\"async\" width=\"2000\" height=\"697\" class=\"wp-block-cover__image-background wp-image-3710 size-full\" alt=\"\" src=\"https:\/\/hraward.pk.edu.pl\/wp-content\/uploads\/2025\/10\/54828617917_670414f23f_o-e1759734187655.png\" data-object-fit=\"cover\" srcset=\"https:\/\/hraward.pk.edu.pl\/wp-content\/uploads\/2025\/10\/54828617917_670414f23f_o-e1759734187655.png 2000w, https:\/\/hraward.pk.edu.pl\/wp-content\/uploads\/2025\/10\/54828617917_670414f23f_o-e1759734187655-200x70.png 200w, https:\/\/hraward.pk.edu.pl\/wp-content\/uploads\/2025\/10\/54828617917_670414f23f_o-e1759734187655-1024x357.png 1024w, https:\/\/hraward.pk.edu.pl\/wp-content\/uploads\/2025\/10\/54828617917_670414f23f_o-e1759734187655-768x268.png 768w, https:\/\/hraward.pk.edu.pl\/wp-content\/uploads\/2025\/10\/54828617917_670414f23f_o-e1759734187655-1536x535.png 1536w\" sizes=\"(max-width: 2000px) 100vw, 2000px\" \/><span aria-hidden=\"true\" class=\"wp-block-cover__background has-background-dim-0 has-background-dim\"><\/span><div class=\"wp-block-cover__inner-container is-layout-flow wp-block-cover-is-layout-flow\">\n<div class=\"wp-block-group has-medium-font-size is-vertical is-content-justification-center is-nowrap is-layout-flex wp-container-core-group-is-layout-c6395fbc wp-block-group-is-layout-flex\" style=\"padding-top:var(--wp--preset--spacing--20);padding-bottom:var(--wp--preset--spacing--20)\">\n<p class=\"has-text-align-center has-ast-global-color-5-color has-text-color has-background has-large-font-size wp-container-content-9cfa9a5a\" style=\"background-color:#1212129c;font-style:normal;font-weight:1000;letter-spacing:1px;line-height:1;text-transform:uppercase\"><strong>euraxess<\/strong><\/p>\n<\/div>\n<\/div><\/div>\n\n\n\n<div class=\"wp-block-uagb-container uagb-block-57af4ec5 default uagb-is-root-container\">\n<div class=\"wp-block-uagb-separator uagb-block-7e5cd035 wp-block-uagb-separator--icon\"><div class=\"uagb-separator-spacing-wrapper\"><div class=\"wp-block-uagb-separator__inner\" style=\"--my-background-image:\"><div class=\"wp-block-uagb-separator-element\"><svg xmlns=\"https:\/\/www.w3.org\/2000\/svg\" viewbox=\"0 0 512 512\"><path d=\"M512 256C512 397.4 397.4 512 256 512C114.6 512 0 397.4 0 256C0 114.6 114.6 0 256 0C397.4 0 512 114.6 512 256z\"><\/path><\/svg><\/div><\/div><\/div><\/div>\n\n\n\n<div class=\"wp-block-columns is-layout-flex wp-container-core-columns-is-layout-28f84493 wp-block-columns-is-layout-flex\">\n<div class=\"wp-block-column is-layout-flow wp-block-column-is-layout-flow\" style=\"flex-basis:100%\">\n<p class=\"has-text-align-center has-medium-font-size\">EURAXESS is an international network supporting mobile researchers, both incoming to and leaving Poland. Cracow University of Technology is committed to providing support to foreign researchers, facilitating their adaptation in the country, access to research projects, and academic career development. This initiative of the European Commission helps advance researchers\u2019 careers, promotes scientific collaboration, and creates favorable working conditions in the research sector.<\/p>\n\n\n\n<div class=\"wp-block-uagb-container uagb-block-e31c65d4\">\n<div class=\"wp-block-columns is-layout-flex wp-container-core-columns-is-layout-28f84493 wp-block-columns-is-layout-flex\">\n<div class=\"wp-block-column is-layout-flow wp-block-column-is-layout-flow\">\n<div class=\"wp-block-uagb-image aligncenter uagb-block-4d7a3d2d wp-block-uagb-image--layout-default wp-block-uagb-image--effect-static wp-block-uagb-image--align-center\"><figure class=\"wp-block-uagb-image__figure\"><img loading=\"lazy\" decoding=\"async\" srcset=\"https:\/\/hraward.pk.edu.pl\/wp-content\/uploads\/2025\/09\/095557-euraxess-png-1394712735.png ,https:\/\/hraward.pk.edu.pl\/wp-content\/uploads\/2025\/09\/095557-euraxess-png-1394712735.png 780w, https:\/\/hraward.pk.edu.pl\/wp-content\/uploads\/2025\/09\/095557-euraxess-png-1394712735.png 360w\" sizes=\"auto, (max-width: 480px) 150px\" src=\"https:\/\/hraward.pk.edu.pl\/wp-content\/uploads\/2025\/09\/095557-euraxess-png-1394712735.png\" alt=\"LOGO EUROAXESS\" class=\"uag-image-3498\" width=\"367\" height=\"120\" title=\"095557-euraxess-png-1394712735\" role=\"img\"\/><\/figure><\/div>\n<\/div>\n\n\n\n<div class=\"wp-block-column is-layout-flow wp-block-column-is-layout-flow\">\n<div class=\"wp-block-uagb-image uagb-block-aad19bea wp-block-uagb-image--layout-default wp-block-uagb-image--effect-static wp-block-uagb-image--align-none\"><figure class=\"wp-block-uagb-image__figure\"><img loading=\"lazy\" decoding=\"async\" srcset=\"https:\/\/hraward.pk.edu.pl\/wp-content\/uploads\/2025\/09\/ec-logo-horiz_en.png ,https:\/\/hraward.pk.edu.pl\/wp-content\/uploads\/2025\/09\/ec-logo-horiz_en.png 780w, https:\/\/hraward.pk.edu.pl\/wp-content\/uploads\/2025\/09\/ec-logo-horiz_en.png 360w\" sizes=\"auto, (max-width: 480px) 150px\" src=\"https:\/\/hraward.pk.edu.pl\/wp-content\/uploads\/2025\/09\/ec-logo-horiz_en.png\" alt=\"LOGO EUROPEAN COMMISSION\" class=\"uag-image-3505\" width=\"374\" height=\"135\" title=\"ec-logo-horiz_en\" role=\"img\"\/><\/figure><\/div>\n<\/div>\n<\/div>\n<\/div>\n<\/div>\n<\/div>\n\n\n\n<div class=\"wp-block-columns is-layout-flex wp-container-core-columns-is-layout-0884d4d2 wp-block-columns-is-layout-flex\" style=\"margin-top:var(--wp--preset--spacing--50);margin-bottom:var(--wp--preset--spacing--50)\">\n<div class=\"wp-block-column is-vertically-aligned-center is-layout-flow wp-block-column-is-layout-flow\" style=\"flex-basis:100.2%\">\n<p class=\"has-text-align-center has-medium-font-size\">Tadeusz Ko\u015bciuszko Cracow University of Technology, holding a distinction <strong>HR Excellence in Research<\/strong>, actively participates in the network <strong>EURAXESS<\/strong>, conducting recruitment in accordance with the principles <strong>OTM-R<\/strong> (Open, Transparent and Merit-Based Recruitment)<\/p>\n\n\n\n<p class=\"has-text-align-center has-medium-font-size\"><strong>EURAXESS Poland<\/strong> supports the mobility and career development of researchers, providing free information to researchers on conducting research, immigration and administrative procedures, as well as living and working conditions in Poland.<\/p>\n\n\n\n<div class=\"wp-block-buttons is-content-justification-center is-layout-flex wp-container-core-buttons-is-layout-a89b3969 wp-block-buttons-is-layout-flex\">\n<div class=\"wp-block-button is-style-fill\"><a class=\"wp-block-button__link wp-element-button\" href=\"https:\/\/www.euraxess.pl\/pl\" target=\"_blank\" rel=\"noreferrer noopener\">EURAXESS POLAND<\/a><\/div>\n<\/div>\n<\/div>\n<\/div>\n\n\n\n<div class=\"wp-block-columns is-layout-flex wp-container-core-columns-is-layout-0884d4d2 wp-block-columns-is-layout-flex\" style=\"margin-top:var(--wp--preset--spacing--50);margin-bottom:var(--wp--preset--spacing--50)\">\n<div class=\"wp-block-column is-vertically-aligned-top is-layout-flow wp-block-column-is-layout-flow\" style=\"flex-basis:100.2%\">\n<p class=\"has-text-align-center has-medium-font-size\">The EURAXESS portal hosts the largest database of job offers, scholarships, and research funding programs for researchers from around the world, available for all fields of science and sectors:<\/p>\n\n\n\n<div class=\"wp-block-buttons is-content-justification-center is-layout-flex wp-container-core-buttons-is-layout-a89b3969 wp-block-buttons-is-layout-flex\">\n<div class=\"wp-block-button is-style-fill\"><a class=\"wp-block-button__link wp-element-button\" href=\"https:\/\/euraxess.ec.europa.eu\/jobs\">EURAXESS JOBS OFFERS<\/a><\/div>\n<\/div>\n<\/div>\n<\/div>\n\n\n\n<div class=\"wp-block-uagb-container uagb-block-82713a9b\">\n<div class=\"wp-block-columns is-layout-flex wp-container-core-columns-is-layout-28f84493 wp-block-columns-is-layout-flex\">\n<div class=\"wp-block-column is-layout-flow wp-block-column-is-layout-flow\" style=\"flex-basis:25%\"><\/div>\n\n\n\n<div class=\"wp-block-column is-vertically-aligned-center is-layout-flow wp-block-column-is-layout-flow\" style=\"flex-basis:50%\">\n<p class=\"has-text-align-center\" style=\"font-size:21px\">Announcements for academic staff interested in taking up positions at Cracow University of Technology:<\/p>\n<\/div>\n\n\n\n<div class=\"wp-block-column is-layout-flow wp-block-column-is-layout-flow\" style=\"flex-basis:25%\"><\/div>\n<\/div>\n<\/div>\n<\/div>\n\n\n\n<div class=\"wp-block-uagb-container uagb-block-450049cb alignfull uagb-is-root-container\"><div class=\"uagb-container-inner-blocks-wrap\">\n<div class=\"wp-block-uagb-container uagb-block-b959665e\">\n<figure class=\"wp-block-image aligncenter size-full is-resized\"><img decoding=\"async\" width=\"716\" height=\"271\" src=\"https:\/\/hraward.pk.edu.pl\/wp-content\/uploads\/2025\/09\/bip.png\" alt=\"LOGO BIP\" class=\"wp-image-3523\" style=\"width:180px\" srcset=\"https:\/\/hraward.pk.edu.pl\/wp-content\/uploads\/2025\/09\/bip.png 716w, https:\/\/hraward.pk.edu.pl\/wp-content\/uploads\/2025\/09\/bip-200x76.png 200w\" sizes=\"(max-width: 716px) 100vw, 716px\" \/><\/figure>\n\n\n\n<div class=\"wp-block-buttons is-content-justification-center is-layout-flex wp-container-core-buttons-is-layout-a89b3969 wp-block-buttons-is-layout-flex\">\n<div class=\"wp-block-button\"><a class=\"wp-block-button__link has-text-align-center wp-element-button\" href=\"https:\/\/bip.malopolska.pl\/pk,m,461982,ogloszenia-o-konkursach-na-stanowiska-nauczycieli-akademickich.html\">Public Information Bulletin<\/a><\/div>\n<\/div>\n<\/div>\n\n\n\n<div class=\"wp-block-uagb-container uagb-block-cab50ccb\">\n<figure class=\"wp-block-image aligncenter size-large is-resized\"><img decoding=\"async\" src=\"https:\/\/bazaogloszen.nauka.gov.pl\/wp-content\/themes\/opi-jobs\/assets\/images\/logo.svg?v=2.1.13.1757495006976\" alt=\"LOGO ABO\" style=\"width:180px;height:auto\"\/><\/figure>\n\n\n\n<div class=\"wp-block-buttons is-content-justification-center is-layout-flex wp-container-core-buttons-is-layout-a89b3969 wp-block-buttons-is-layout-flex\">\n<div class=\"wp-block-button\"><a class=\"wp-block-button__link wp-element-button\" href=\"https:\/\/bazaogloszen.nauka.gov.pl\/\">Academic Announcements Database<\/a><\/div>\n<\/div>\n<\/div>\n<\/div><\/div>\n\n\n\n<div class=\"wp-block-uagb-separator uagb-block-bb7090a9\"><div class=\"uagb-separator-spacing-wrapper\"><div class=\"wp-block-uagb-separator__inner\" style=\"--my-background-image:\"><\/div><\/div><\/div>\n\n\n\n<p class=\"has-text-align-center has-ast-global-color-6-background-color has-background\" style=\"font-size:18px\">We encourage regularly checking the available calls for applications<br>and applying in accordance with the stated guidelines.<\/p>\n\n\n\n<p><\/p>","protected":false},"excerpt":{"rendered":"<p>EURAXESS to mi\u0119dzynarodowa sie\u0107 wspieraj\u0105ca mobilnych naukowc\u00f3w, zar\u00f3wno przyjezdnych, jak i wyje\u017cd\u017caj\u0105cych z Polski. Politechnika Krakowska anga\u017cuje si\u0119 w zapewnienie wsparcia badaczom z zagranicy, u\u0142atwiaj\u0105c proces adaptacji w kraju, dost\u0119p do projekt\u00f3w badawczych i rozw\u00f3j kariery akademickiej. Jest to inicjatywa Komisji Europejskiej, kt\u00f3ra pomaga w rozwoju kariery naukowc\u00f3w, promuj\u0105c wsp\u00f3\u0142prac\u0119 naukow\u0105 i tworz\u0105c dobre warunki [&hellip;]<\/p>\n","protected":false},"author":15,"featured_media":0,"parent":0,"menu_order":0,"comment_status":"closed","ping_status":"closed","template":"","meta":{"inline_featured_image":false,"_uag_custom_page_level_css":"","site-sidebar-layout":"default","site-content-layout":"","ast-site-content-layout":"narrow-width-container","site-content-style":"boxed","site-sidebar-style":"default","ast-global-header-display":"","ast-banner-title-visibility":"disabled","ast-main-header-display":"","ast-hfb-above-header-display":"","ast-hfb-below-header-display":"","ast-hfb-mobile-header-display":"","site-post-title":"","ast-breadcrumbs-content":"","ast-featured-img":"","footer-sml-layout":"","ast-disable-related-posts":"","theme-transparent-header-meta":"","adv-header-id-meta":"","stick-header-meta":"","header-above-stick-meta":"","header-main-stick-meta":"","header-below-stick-meta":"","astra-migrate-meta-layouts":"default","ast-page-background-enabled":"default","ast-page-background-meta":{"desktop":{"background-color":"var(--ast-global-color-4)","background-image":"","background-repeat":"repeat","background-position":"center center","background-size":"auto","background-attachment":"scroll","background-type":"","background-media":"","overlay-type":"","overlay-color":"","overlay-opacity":"","overlay-gradient":""},"tablet":{"background-color":"","background-image":"","background-repeat":"repeat","background-position":"center center","background-size":"auto","background-attachment":"scroll","background-type":"","background-media":"","overlay-type":"","overlay-color":"","overlay-opacity":"","overlay-gradient":""},"mobile":{"background-color":"","background-image":"","background-repeat":"repeat","background-position":"center center","background-size":"auto","background-attachment":"scroll","background-type":"","background-media":"","overlay-type":"","overlay-color":"","overlay-opacity":"","overlay-gradient":""}},"ast-content-background-meta":{"desktop":{"background-color":"var(--ast-global-color-5)","background-image":"","background-repeat":"repeat","background-position":"center center","background-size":"auto","background-attachment":"scroll","background-type":"","background-media":"","overlay-type":"","overlay-color":"","overlay-opacity":"","overlay-gradient":""},"tablet":{"background-color":"var(--ast-global-color-5)","background-image":"","background-repeat":"repeat","background-position":"center center","background-size":"auto","background-attachment":"scroll","background-type":"","background-media":"","overlay-type":"","overlay-color":"","overlay-opacity":"","overlay-gradient":""},"mobile":{"background-color":"var(--ast-global-color-5)","background-image":"","background-repeat":"repeat","background-position":"center center","background-size":"auto","background-attachment":"scroll","background-type":"","background-media":"","overlay-type":"","overlay-color":"","overlay-opacity":"","overlay-gradient":""}},"footnotes":""},"class_list":["post-74","page","type-page","status-publish","hentry"],"uagb_featured_image_src":{"full":false,"thumbnail":false,"medium":false,"medium_large":false,"large":false,"1536x1536":false,"2048x2048":false,"trp-custom-language-flag":false},"uagb_author_info":{"display_name":"hr_admin","author_link":"https:\/\/hraward.pk.edu.pl\/en\/author\/hr_admin\/"},"uagb_comment_info":0,"uagb_excerpt":"EURAXESS to mi\u0119dzynarodowa sie\u0107 wspieraj\u0105ca mobilnych naukowc\u00f3w, zar\u00f3wno przyjezdnych, jak i wyje\u017cd\u017caj\u0105cych z Polski. Politechnika Krakowska anga\u017cuje si\u0119 w zapewnienie wsparcia badaczom z zagranicy, u\u0142atwiaj\u0105c proces adaptacji w kraju, dost\u0119p do projekt\u00f3w badawczych i rozw\u00f3j kariery akademickiej. Jest to inicjatywa Komisji Europejskiej, kt\u00f3ra pomaga w rozwoju kariery naukowc\u00f3w, promuj\u0105c wsp\u00f3\u0142prac\u0119 naukow\u0105 i tworz\u0105c dobre warunki&hellip;","_links":{"self":[{"href":"https:\/\/hraward.pk.edu.pl\/en\/wp-json\/wp\/v2\/pages\/74","targetHints":{"allow":["GET"]}}],"collection":[{"href":"https:\/\/hraward.pk.edu.pl\/en\/wp-json\/wp\/v2\/pages"}],"about":[{"href":"https:\/\/hraward.pk.edu.pl\/en\/wp-json\/wp\/v2\/types\/page"}],"author":[{"embeddable":true,"href":"https:\/\/hraward.pk.edu.pl\/en\/wp-json\/wp\/v2\/users\/15"}],"replies":[{"embeddable":true,"href":"https:\/\/hraward.pk.edu.pl\/en\/wp-json\/wp\/v2\/comments?post=74"}],"version-history":[{"count":175,"href":"https:\/\/hraward.pk.edu.pl\/en\/wp-json\/wp\/v2\/pages\/74\/revisions"}],"predecessor-version":[{"id":3917,"href":"https:\/\/hraward.pk.edu.pl\/en\/wp-json\/wp\/v2\/pages\/74\/revisions\/3917"}],"wp:attachment":[{"href":"https:\/\/hraward.pk.edu.pl\/en\/wp-json\/wp\/v2\/media?parent=74"}],"curies":[{"name":"wp","href":"https:\/\/api.w.org\/{rel}","templated":true}]}}