{"id":4154,"date":"2025-12-05T11:35:09","date_gmt":"2025-12-05T10:35:09","guid":{"rendered":"https:\/\/hraward.pk.edu.pl\/?page_id=4154"},"modified":"2026-02-03T12:19:35","modified_gmt":"2026-02-03T11:19:35","slug":"aktualnosci","status":"publish","type":"page","link":"https:\/\/hraward.pk.edu.pl\/en\/aktualnosci\/","title":{"rendered":"NEWS"},"content":{"rendered":"<div class=\"wp-block-cover alignfull is-light has-ast-global-color-5-color has-text-color has-link-color has-large-font-size wp-elements-db0f1eb0abdaeb734a66b802144b34c5 wp-duotone-unset-1\" style=\"margin-top:0;padding-top:3vw;padding-right:3vw;padding-bottom:3vw;padding-left:3vw;min-height:300px;aspect-ratio:unset;\"><img fetchpriority=\"high\" decoding=\"async\" width=\"1140\" height=\"428\" class=\"wp-block-cover__image-background wp-image-3748 size-full\" alt=\"\" src=\"https:\/\/hraward.pk.edu.pl\/wp-content\/uploads\/2025\/10\/il_politecnico_promosso_con_lode_dalla_commissione_europea_per_l_hr_excellence_in_research_award_articolo_full.png\" data-object-fit=\"cover\" srcset=\"https:\/\/hraward.pk.edu.pl\/wp-content\/uploads\/2025\/10\/il_politecnico_promosso_con_lode_dalla_commissione_europea_per_l_hr_excellence_in_research_award_articolo_full.png 1140w, https:\/\/hraward.pk.edu.pl\/wp-content\/uploads\/2025\/10\/il_politecnico_promosso_con_lode_dalla_commissione_europea_per_l_hr_excellence_in_research_award_articolo_full-200x75.png 200w, https:\/\/hraward.pk.edu.pl\/wp-content\/uploads\/2025\/10\/il_politecnico_promosso_con_lode_dalla_commissione_europea_per_l_hr_excellence_in_research_award_articolo_full-1024x384.png 1024w, https:\/\/hraward.pk.edu.pl\/wp-content\/uploads\/2025\/10\/il_politecnico_promosso_con_lode_dalla_commissione_europea_per_l_hr_excellence_in_research_award_articolo_full-768x288.png 768w\" sizes=\"(max-width: 1140px) 100vw, 1140px\" \/><span aria-hidden=\"true\" class=\"wp-block-cover__background has-background-dim-0 has-background-dim\"><\/span><div class=\"wp-block-cover__inner-container is-layout-flow wp-block-cover-is-layout-flow\">\n<div class=\"wp-block-group has-medium-font-size is-vertical is-content-justification-center is-nowrap is-layout-flex wp-container-core-group-is-layout-c6395fbc wp-block-group-is-layout-flex\" style=\"padding-top:var(--wp--preset--spacing--20);padding-bottom:var(--wp--preset--spacing--20)\">\n<p class=\"has-text-align-center has-ast-global-color-5-color has-text-color has-background has-large-font-size wp-container-content-9cfa9a5a\" style=\"background-color:#1212129c;font-style:normal;font-weight:1000;letter-spacing:0px;line-height:1;text-transform:uppercase\">NEWS<\/p>\n<\/div>\n<\/div><\/div>\n\n\n\n<div class=\"wp-block-uagb-container uagb-block-b19c1c5f default uagb-is-root-container\">\n<div class=\"wp-block-uagb-container uagb-block-2d516c74\">\n<div class=\"wp-block-uagb-separator uagb-block-569c7147 wp-block-uagb-separator--icon\"><div class=\"wp-block-uagb-separator__inner\" style=\"--my-background-image:\"><div class=\"wp-block-uagb-separator-element\"><svg xmlns=\"https:\/\/www.w3.org\/2000\/svg\" viewbox=\"0 0 512 512\"><path d=\"M512 256C512 397.4 397.4 512 256 512C114.6 512 0 397.4 0 256C0 114.6 114.6 0 256 0C397.4 0 512 114.6 512 256z\"><\/path><\/svg><\/div><\/div><\/div>\n\n\n\n\t\t\t<div class=\"wp-block-uagb-post-grid uagb-post-grid  uagb-post__image-position-top uagb-post__image-enabled uagb-block-87894f2f     uagb-post__items uagb-post__columns-2 is-grid uagb-post__columns-tablet-2 uagb-post__columns-mobile-1 uagb-post__equal-height\" data-total=\"1\" style=\"\">\n\n\t\t\t\t\t\t\t\t\t\t\t\t<article class=\"uagb-post__inner-wrap\">\t\t\t\t\t\t\t\t<div class='uagb-post__image'>\n\t\t\t\t\t\t\t\t\t<a href=\"https:\/\/hraward.pk.edu.pl\/en\/2026\/04\/15\/wspolpraca-bez-granic-budowanie-regionalnej-sieci-nawa-euraxess\/\" target=\"_self\" rel=\"bookmark noopener noreferrer\" class='uagb-image-ratio-inherit'><img decoding=\"async\" width=\"1024\" height=\"683\" src=\"https:\/\/hraward.pk.edu.pl\/wp-content\/uploads\/2026\/04\/ChatGPT-Image31-1024x68111-1.png\" class=\"attachment-large size-large\" alt=\"\" srcset=\"https:\/\/hraward.pk.edu.pl\/wp-content\/uploads\/2026\/04\/ChatGPT-Image31-1024x68111-1.png 1024w, https:\/\/hraward.pk.edu.pl\/wp-content\/uploads\/2026\/04\/ChatGPT-Image31-1024x68111-1-200x133.png 200w, https:\/\/hraward.pk.edu.pl\/wp-content\/uploads\/2026\/04\/ChatGPT-Image31-1024x68111-1-768x512.png 768w, https:\/\/hraward.pk.edu.pl\/wp-content\/uploads\/2026\/04\/ChatGPT-Image31-1024x68111-1-18x12.png 18w\" sizes=\"(max-width: 1024px) 100vw, 1024px\" \/>\t\t\t\t\t<\/a>\n\t\t\t\t\t\t\t<\/div>\n\t\t\t\t\t\t<h4 class=\"uagb-post__title uagb-post__text\">\n\t\t\t\t<a href=\"https:\/\/hraward.pk.edu.pl\/en\/2026\/04\/15\/wspolpraca-bez-granic-budowanie-regionalnej-sieci-nawa-euraxess\/\" target=\"_self\" rel=\"bookmark noopener noreferrer\">Wsp\u00f3\u0142praca bez granic. Budowanie regionalnej Sieci NAWA\u2013EURAXESS<\/a>\n\t\t\t<\/h4>\n\t\t\t\t\t\t<div class='uagb-post__text uagb-post-grid-byline'>\n\t\t\t\t\t\t\t\t<time datetime=\"2026-04-15T15:05:38+02:00\" class=\"uagb-post__date\">\n\t\t\t\t<span class=\"dashicons-calendar dashicons\"><\/span>\t\t\t\t\t2026-04-15\t\t\t\t<\/time>\n\t\t\t\t\t\t<\/div>\n\t\t\t\t\t\t\t<div class='uagb-post__text uagb-post__excerpt'>\n\t\t\t\t\t<p>Wsp\u00f3\u0142praca bez granic. Budowanie regionalnej Sieci NAWA\u2013EURAXESS W dniach 25\u201326 marca 2026 r. zesp\u00f3\u0142 Biura Doskonalenia Kadr wraz z przedstawicielk\u0105 Dzia\u0142u Wsp\u00f3\u0142pracy Mi\u0119dzynarodowej PK uczestniczy\u0142 w konferencji \u201eWsp\u00f3\u0142praca bez granic&#8230;.\t\t\t\t<\/div>\n\t\t\t\t\t\t<div class=\"uagb-post__text uagb-post__cta wp-block-button\">\n\t\t\t\t<a class=\"wp-block-button__link uagb-text-link\" style=\"\" href=\"https:\/\/hraward.pk.edu.pl\/en\/2026\/04\/15\/wspolpraca-bez-granic-budowanie-regionalnej-sieci-nawa-euraxess\/\" target=\"_self\" rel=\"bookmark noopener noreferrer\">Read More<\/a>\n\t\t\t<\/div>\n\t\t\t\n\t\t\t\t\t\t\t\t\t<\/article>\n\t\t\t\t\t\t\t\t\t\t\t\t\t\t\t\t<article class=\"uagb-post__inner-wrap\">\t\t\t\t\t\t\t\t<div class='uagb-post__image'>\n\t\t\t\t\t\t\t\t\t<a href=\"https:\/\/hraward.pk.edu.pl\/en\/2026\/04\/15\/pracownicy-biura-doskonalenia-kadr-na-konferencji-inaugurujacej-projekt-malopolska-fostering-collaboration-for-research-success-28-01-2026-r-duplicate-4229\/\" target=\"_self\" rel=\"bookmark noopener noreferrer\" class='uagb-image-ratio-inherit'><img decoding=\"async\" width=\"1024\" height=\"683\" src=\"https:\/\/hraward.pk.edu.pl\/wp-content\/uploads\/2026\/04\/dsdd.png\" class=\"attachment-large size-large\" alt=\"\" srcset=\"https:\/\/hraward.pk.edu.pl\/wp-content\/uploads\/2026\/04\/dsdd.png 1024w, https:\/\/hraward.pk.edu.pl\/wp-content\/uploads\/2026\/04\/dsdd-200x133.png 200w, https:\/\/hraward.pk.edu.pl\/wp-content\/uploads\/2026\/04\/dsdd-768x512.png 768w, https:\/\/hraward.pk.edu.pl\/wp-content\/uploads\/2026\/04\/dsdd-18x12.png 18w\" sizes=\"(max-width: 1024px) 100vw, 1024px\" \/>\t\t\t\t\t<\/a>\n\t\t\t\t\t\t\t<\/div>\n\t\t\t\t\t\t<h4 class=\"uagb-post__title uagb-post__text\">\n\t\t\t\t<a href=\"https:\/\/hraward.pk.edu.pl\/en\/2026\/04\/15\/pracownicy-biura-doskonalenia-kadr-na-konferencji-inaugurujacej-projekt-malopolska-fostering-collaboration-for-research-success-28-01-2026-r-duplicate-4229\/\" target=\"_self\" rel=\"bookmark noopener noreferrer\">Szkolenie z dydaktyki w uczelni wy\u017cszej dot. szczeg\u00f3lnych potrzeb pokole\u0144 Zet i Alfa<\/a>\n\t\t\t<\/h4>\n\t\t\t\t\t\t<div class='uagb-post__text uagb-post-grid-byline'>\n\t\t\t\t\t\t\t\t<time datetime=\"2026-04-15T14:59:58+02:00\" class=\"uagb-post__date\">\n\t\t\t\t<span class=\"dashicons-calendar dashicons\"><\/span>\t\t\t\t\t2026-04-15\t\t\t\t<\/time>\n\t\t\t\t\t\t<\/div>\n\t\t\t\t\t\t\t<div class='uagb-post__text uagb-post__excerpt'>\n\t\t\t\t\t<p>Szkolenie z dydaktyki w uczelni wy\u017cszej dot. szczeg\u00f3lnych potrzeb pokole\u0144 Zet i Alfa 8 kwietnia 2026 r. w sali Wydzia\u0142u Mechanicznego PK Kampusu Czy\u017cyny, mieli\u015bmy przyjemno\u015b\u0107 go\u015bci\u0107 Pa\u0144stwa na kolejnej&#8230;\t\t\t\t<\/div>\n\t\t\t\t\t\t<div class=\"uagb-post__text uagb-post__cta wp-block-button\">\n\t\t\t\t<a class=\"wp-block-button__link uagb-text-link\" style=\"\" href=\"https:\/\/hraward.pk.edu.pl\/en\/2026\/04\/15\/pracownicy-biura-doskonalenia-kadr-na-konferencji-inaugurujacej-projekt-malopolska-fostering-collaboration-for-research-success-28-01-2026-r-duplicate-4229\/\" target=\"_self\" rel=\"bookmark noopener noreferrer\">Read More<\/a>\n\t\t\t<\/div>\n\t\t\t\n\t\t\t\t\t\t\t\t\t<\/article>\n\t\t\t\t\t\t\t\t\t\t\t\t\t\t\t\t<article class=\"uagb-post__inner-wrap\">\t\t\t\t\t\t\t\t<div class='uagb-post__image'>\n\t\t\t\t\t\t\t\t\t<a href=\"https:\/\/hraward.pk.edu.pl\/en\/2026\/02\/02\/pracownicy-biura-doskonalenia-kadr-na-konferencji-inaugurujacej-projekt-malopolska-fostering-collaboration-for-research-success-28-01-2026-r\/\" target=\"_self\" rel=\"bookmark noopener noreferrer\" class='uagb-image-ratio-inherit'><img loading=\"lazy\" decoding=\"async\" width=\"1024\" height=\"683\" src=\"https:\/\/hraward.pk.edu.pl\/wp-content\/uploads\/2026\/02\/ChatGPT-Image31-1024x683-1.png\" class=\"attachment-large size-large\" alt=\"\" srcset=\"https:\/\/hraward.pk.edu.pl\/wp-content\/uploads\/2026\/02\/ChatGPT-Image31-1024x683-1.png 1024w, https:\/\/hraward.pk.edu.pl\/wp-content\/uploads\/2026\/02\/ChatGPT-Image31-1024x683-1-200x133.png 200w, https:\/\/hraward.pk.edu.pl\/wp-content\/uploads\/2026\/02\/ChatGPT-Image31-1024x683-1-768x512.png 768w, https:\/\/hraward.pk.edu.pl\/wp-content\/uploads\/2026\/02\/ChatGPT-Image31-1024x683-1-18x12.png 18w\" sizes=\"(max-width: 1024px) 100vw, 1024px\" \/>\t\t\t\t\t<\/a>\n\t\t\t\t\t\t\t<\/div>\n\t\t\t\t\t\t<h4 class=\"uagb-post__title uagb-post__text\">\n\t\t\t\t<a href=\"https:\/\/hraward.pk.edu.pl\/en\/2026\/02\/02\/pracownicy-biura-doskonalenia-kadr-na-konferencji-inaugurujacej-projekt-malopolska-fostering-collaboration-for-research-success-28-01-2026-r\/\" target=\"_self\" rel=\"bookmark noopener noreferrer\">Employees of the Staff Development Office at the conference inaugurating the project \u201cMa\u0142opolska: Fostering Collaboration for Research Success\u201d on January 28, 2026.\u00a0<\/a>\n\t\t\t<\/h4>\n\t\t\t\t\t\t<div class='uagb-post__text uagb-post-grid-byline'>\n\t\t\t\t\t\t\t\t<time datetime=\"2026-02-02T15:11:31+01:00\" class=\"uagb-post__date\">\n\t\t\t\t<span class=\"dashicons-calendar dashicons\"><\/span>\t\t\t\t\t2026-02-02\t\t\t\t<\/time>\n\t\t\t\t\t\t<\/div>\n\t\t\t\t\t\t\t<div class='uagb-post__text uagb-post__excerpt'>\n\t\t\t\t\t<p>Employees of the Staff Development Office at the conference inaugurating the project \u201cMa\u0142opolska: Fostering Collaboration for Research Success\u201d on January 28, 2026. Employees of the Staff Development Office of the Cracow University of Technology took part in the conference inaugurating the project \u201cMa\u0142opolska: Fostering\u2026\t\t\t\t<\/div>\n\t\t\t\t\t\t<div class=\"uagb-post__text uagb-post__cta wp-block-button\">\n\t\t\t\t<a class=\"wp-block-button__link uagb-text-link\" style=\"\" href=\"https:\/\/hraward.pk.edu.pl\/en\/2026\/02\/02\/pracownicy-biura-doskonalenia-kadr-na-konferencji-inaugurujacej-projekt-malopolska-fostering-collaboration-for-research-success-28-01-2026-r\/\" target=\"_self\" rel=\"bookmark noopener noreferrer\">Read More<\/a>\n\t\t\t<\/div>\n\t\t\t\n\t\t\t\t\t\t\t\t\t<\/article>\n\t\t\t\t\t\t\t\t\t\t\t\t\t\t\t\t<article class=\"uagb-post__inner-wrap\">\t\t\t\t\t\t\t\t<div class='uagb-post__image'>\n\t\t\t\t\t\t\t\t\t<a href=\"https:\/\/hraward.pk.edu.pl\/en\/2026\/01\/21\/planowanie-kariery-naukowca-od-kompetencji-do-dzialania\/\" target=\"_self\" rel=\"bookmark noopener noreferrer\" class='uagb-image-ratio-inherit'><img loading=\"lazy\" decoding=\"async\" width=\"1024\" height=\"683\" src=\"https:\/\/hraward.pk.edu.pl\/wp-content\/uploads\/2026\/01\/ChatGPT-Image-21-sty-2026-16_30_31-1024x683.png\" class=\"attachment-large size-large\" alt=\"\" srcset=\"https:\/\/hraward.pk.edu.pl\/wp-content\/uploads\/2026\/01\/ChatGPT-Image-21-sty-2026-16_30_31-1024x683.png 1024w, https:\/\/hraward.pk.edu.pl\/wp-content\/uploads\/2026\/01\/ChatGPT-Image-21-sty-2026-16_30_31-200x133.png 200w, https:\/\/hraward.pk.edu.pl\/wp-content\/uploads\/2026\/01\/ChatGPT-Image-21-sty-2026-16_30_31-768x512.png 768w, https:\/\/hraward.pk.edu.pl\/wp-content\/uploads\/2026\/01\/ChatGPT-Image-21-sty-2026-16_30_31-18x12.png 18w, https:\/\/hraward.pk.edu.pl\/wp-content\/uploads\/2026\/01\/ChatGPT-Image-21-sty-2026-16_30_31.png 1536w\" sizes=\"(max-width: 1024px) 100vw, 1024px\" \/>\t\t\t\t\t<\/a>\n\t\t\t\t\t\t\t<\/div>\n\t\t\t\t\t\t<h4 class=\"uagb-post__title uagb-post__text\">\n\t\t\t\t<a href=\"https:\/\/hraward.pk.edu.pl\/en\/2026\/01\/21\/planowanie-kariery-naukowca-od-kompetencji-do-dzialania\/\" target=\"_self\" rel=\"bookmark noopener noreferrer\">Career planning for a scientist \u2013 from competencies to action<\/a>\n\t\t\t<\/h4>\n\t\t\t\t\t\t<div class='uagb-post__text uagb-post-grid-byline'>\n\t\t\t\t\t\t\t\t<time datetime=\"2026-01-21T16:28:04+01:00\" class=\"uagb-post__date\">\n\t\t\t\t<span class=\"dashicons-calendar dashicons\"><\/span>\t\t\t\t\t2026-01-21\t\t\t\t<\/time>\n\t\t\t\t\t\t<\/div>\n\t\t\t\t\t\t\t<div class='uagb-post__text uagb-post__excerpt'>\n\t\t\t\t\t<p>Career planning for a scientist \u2013 from competencies to action\n\nThe Staff Development Office of PK informs about workshops organized jointly by NAWA \u2013 MSCA Contact Point Poland South-Eastern Region, together with the National Contact Point for \u2026\t\t\t\t<\/div>\n\t\t\t\t\t\t<div class=\"uagb-post__text uagb-post__cta wp-block-button\">\n\t\t\t\t<a class=\"wp-block-button__link uagb-text-link\" style=\"\" href=\"https:\/\/hraward.pk.edu.pl\/en\/2026\/01\/21\/planowanie-kariery-naukowca-od-kompetencji-do-dzialania\/\" target=\"_self\" rel=\"bookmark noopener noreferrer\">Read More<\/a>\n\t\t\t<\/div>\n\t\t\t\n\t\t\t\t\t\t\t\t\t<\/article>\n\t\t\t\t\t\t\t\t\t\t\t\t\t\t\t\t<article class=\"uagb-post__inner-wrap\">\t\t\t\t\t\t\t\t<div class='uagb-post__image'>\n\t\t\t\t\t\t\t\t\t<a href=\"https:\/\/hraward.pk.edu.pl\/en\/2026\/01\/21\/europejska-karta-naukowca\/\" target=\"_self\" rel=\"bookmark noopener noreferrer\" class='uagb-image-ratio-inherit'><img loading=\"lazy\" decoding=\"async\" width=\"1024\" height=\"682\" src=\"https:\/\/hraward.pk.edu.pl\/wp-content\/uploads\/2026\/01\/DSC_1519-1024x682a.jpg\" class=\"attachment-large size-large\" alt=\"\" srcset=\"https:\/\/hraward.pk.edu.pl\/wp-content\/uploads\/2026\/01\/DSC_1519-1024x682a.jpg 1024w, https:\/\/hraward.pk.edu.pl\/wp-content\/uploads\/2026\/01\/DSC_1519-1024x682a-200x133.jpg 200w, https:\/\/hraward.pk.edu.pl\/wp-content\/uploads\/2026\/01\/DSC_1519-1024x682a-768x512.jpg 768w, https:\/\/hraward.pk.edu.pl\/wp-content\/uploads\/2026\/01\/DSC_1519-1024x682a-18x12.jpg 18w\" sizes=\"(max-width: 1024px) 100vw, 1024px\" \/>\t\t\t\t\t<\/a>\n\t\t\t\t\t\t\t<\/div>\n\t\t\t\t\t\t<h4 class=\"uagb-post__title uagb-post__text\">\n\t\t\t\t<a href=\"https:\/\/hraward.pk.edu.pl\/en\/2026\/01\/21\/europejska-karta-naukowca\/\" target=\"_self\" rel=\"bookmark noopener noreferrer\">European Charter for Researchers<\/a>\n\t\t\t<\/h4>\n\t\t\t\t\t\t<div class='uagb-post__text uagb-post-grid-byline'>\n\t\t\t\t\t\t\t\t<time datetime=\"2026-01-21T16:02:33+01:00\" class=\"uagb-post__date\">\n\t\t\t\t<span class=\"dashicons-calendar dashicons\"><\/span>\t\t\t\t\t2026-01-21\t\t\t\t<\/time>\n\t\t\t\t\t\t<\/div>\n\t\t\t\t\t\t\t<div class='uagb-post__text uagb-post__excerpt'>\n\t\t\t\t\t<p>The European Charter for Researchers\n\nPublished by the European Commission, the European Charter for Researchers is a framework document defining principles to support attractive and sustainable research careers in Europe. The brochure provides up-to-date\u2026\t\t\t\t<\/div>\n\t\t\t\t\t\t<div class=\"uagb-post__text uagb-post__cta wp-block-button\">\n\t\t\t\t<a class=\"wp-block-button__link uagb-text-link\" style=\"\" href=\"https:\/\/hraward.pk.edu.pl\/en\/2026\/01\/21\/europejska-karta-naukowca\/\" target=\"_self\" rel=\"bookmark noopener noreferrer\">Read More<\/a>\n\t\t\t<\/div>\n\t\t\t\n\t\t\t\t\t\t\t\t\t<\/article>\n\t\t\t\t\t\t\t\t\t\t\t\t\t\t\t\t<article class=\"uagb-post__inner-wrap\">\t\t\t\t\t\t\t\t<div class='uagb-post__image'>\n\t\t\t\t\t\t\t\t\t<a href=\"https:\/\/hraward.pk.edu.pl\/en\/2025\/12\/18\/szkolenie-poswiecone-europejskim-standardom-w-rozwoju-kariery-naukowca\/\" target=\"_self\" rel=\"bookmark noopener noreferrer\" class='uagb-image-ratio-inherit'><img loading=\"lazy\" decoding=\"async\" width=\"1024\" height=\"682\" src=\"https:\/\/hraward.pk.edu.pl\/wp-content\/uploads\/2025\/12\/DSC_1519-1024x682.jpg\" class=\"attachment-large size-large\" alt=\"\" srcset=\"https:\/\/hraward.pk.edu.pl\/wp-content\/uploads\/2025\/12\/DSC_1519-1024x682.jpg 1024w, https:\/\/hraward.pk.edu.pl\/wp-content\/uploads\/2025\/12\/DSC_1519-200x133.jpg 200w, https:\/\/hraward.pk.edu.pl\/wp-content\/uploads\/2025\/12\/DSC_1519-768x512.jpg 768w, https:\/\/hraward.pk.edu.pl\/wp-content\/uploads\/2025\/12\/DSC_1519-1536x1024.jpg 1536w, https:\/\/hraward.pk.edu.pl\/wp-content\/uploads\/2025\/12\/DSC_1519-18x12.jpg 18w, https:\/\/hraward.pk.edu.pl\/wp-content\/uploads\/2025\/12\/DSC_1519.jpg 2000w\" sizes=\"(max-width: 1024px) 100vw, 1024px\" \/>\t\t\t\t\t<\/a>\n\t\t\t\t\t\t\t<\/div>\n\t\t\t\t\t\t<h4 class=\"uagb-post__title uagb-post__text\">\n\t\t\t\t<a href=\"https:\/\/hraward.pk.edu.pl\/en\/2025\/12\/18\/szkolenie-poswiecone-europejskim-standardom-w-rozwoju-kariery-naukowca\/\" target=\"_self\" rel=\"bookmark noopener noreferrer\">Training dedicated to European standards in the development of a researcher\u2019s career<\/a>\n\t\t\t<\/h4>\n\t\t\t\t\t\t<div class='uagb-post__text uagb-post-grid-byline'>\n\t\t\t\t\t\t\t\t<time datetime=\"2025-12-18T11:52:42+01:00\" class=\"uagb-post__date\">\n\t\t\t\t<span class=\"dashicons-calendar dashicons\"><\/span>\t\t\t\t\t2025-12-18\t\t\t\t<\/time>\n\t\t\t\t\t\t<\/div>\n\t\t\t\t\t\t\t<div class='uagb-post__text uagb-post__excerpt'>\n\t\t\t\t\t<p>On 15 December 2025, a training session dedicated to European standards in the development of a researcher\u2019s career was held at the Cracow University of Technology, implemented as a continuation of the recommendations\u2026\t\t\t\t<\/div>\n\t\t\t\t\t\t<div class=\"uagb-post__text uagb-post__cta wp-block-button\">\n\t\t\t\t<a class=\"wp-block-button__link uagb-text-link\" style=\"\" href=\"https:\/\/hraward.pk.edu.pl\/en\/2025\/12\/18\/szkolenie-poswiecone-europejskim-standardom-w-rozwoju-kariery-naukowca\/\" target=\"_self\" rel=\"bookmark noopener noreferrer\">Read More<\/a>\n\t\t\t<\/div>\n\t\t\t\n\t\t\t\t\t\t\t\t\t<\/article>\n\t\t\t\t\t\t\t\t\t\t\t\t\t\t\t\t<article class=\"uagb-post__inner-wrap\">\t\t\t\t\t\t\t\t<div class='uagb-post__image'>\n\t\t\t\t\t\t\t\t\t<a href=\"https:\/\/hraward.pk.edu.pl\/en\/2025\/12\/05\/wizyta-ekspertow-komisji-europejskiej\/\" target=\"_self\" rel=\"bookmark noopener noreferrer\" class='uagb-image-ratio-inherit'><img loading=\"lazy\" decoding=\"async\" width=\"1024\" height=\"682\" src=\"https:\/\/hraward.pk.edu.pl\/wp-content\/uploads\/2025\/12\/DSC_2658-1024x682.jpg\" class=\"attachment-large size-large\" alt=\"\" srcset=\"https:\/\/hraward.pk.edu.pl\/wp-content\/uploads\/2025\/12\/DSC_2658-1024x682.jpg 1024w, https:\/\/hraward.pk.edu.pl\/wp-content\/uploads\/2025\/12\/DSC_2658-200x133.jpg 200w, https:\/\/hraward.pk.edu.pl\/wp-content\/uploads\/2025\/12\/DSC_2658-768x512.jpg 768w, https:\/\/hraward.pk.edu.pl\/wp-content\/uploads\/2025\/12\/DSC_2658-1536x1024.jpg 1536w, https:\/\/hraward.pk.edu.pl\/wp-content\/uploads\/2025\/12\/DSC_2658-18x12.jpg 18w, https:\/\/hraward.pk.edu.pl\/wp-content\/uploads\/2025\/12\/DSC_2658.jpg 2000w\" sizes=\"(max-width: 1024px) 100vw, 1024px\" \/>\t\t\t\t\t<\/a>\n\t\t\t\t\t\t\t<\/div>\n\t\t\t\t\t\t<h4 class=\"uagb-post__title uagb-post__text\">\n\t\t\t\t<a href=\"https:\/\/hraward.pk.edu.pl\/en\/2025\/12\/05\/wizyta-ekspertow-komisji-europejskiej\/\" target=\"_self\" rel=\"bookmark noopener noreferrer\">Visit of the European Commission experts<\/a>\n\t\t\t<\/h4>\n\t\t\t\t\t\t<div class='uagb-post__text uagb-post-grid-byline'>\n\t\t\t\t\t\t\t\t<time datetime=\"2025-12-05T11:23:55+01:00\" class=\"uagb-post__date\">\n\t\t\t\t<span class=\"dashicons-calendar dashicons\"><\/span>\t\t\t\t\t2025-12-05\t\t\t\t<\/time>\n\t\t\t\t\t\t<\/div>\n\t\t\t\t\t\t\t<div class='uagb-post__text uagb-post__excerpt'>\n\t\t\t\t\t<p>An important stage in the implementation of the HRS4R Strategy was the visit of European Commission experts on November 21, 2025, who evaluated the process of renewing the HR Excellence in Research award at Cracow University of Technology. During the meeting..\t\t\t\t<\/div>\n\t\t\t\t\t\t<div class=\"uagb-post__text uagb-post__cta wp-block-button\">\n\t\t\t\t<a class=\"wp-block-button__link uagb-text-link\" style=\"\" href=\"https:\/\/hraward.pk.edu.pl\/en\/2025\/12\/05\/wizyta-ekspertow-komisji-europejskiej\/\" target=\"_self\" rel=\"bookmark noopener noreferrer\">Read More<\/a>\n\t\t\t<\/div>\n\t\t\t\n\t\t\t\t\t\t\t\t\t<\/article>\n\t\t\t\t\t\t\t\t\t\t\t<\/div>\n\t\t\t\n\n\n<ul class=\"wp-block-list\">\n<li><\/li>\n<\/ul>\n<\/div>\n<\/div>\n\n\n\n<p><\/p>","protected":false},"excerpt":{"rendered":"","protected":false},"author":15,"featured_media":0,"parent":0,"menu_order":0,"comment_status":"closed","ping_status":"closed","template":"","meta":{"inline_featured_image":false,"_uag_custom_page_level_css":"","site-sidebar-layout":"default","site-content-layout":"","ast-site-content-layout":"narrow-width-container","site-content-style":"boxed","site-sidebar-style":"default","ast-global-header-display":"","ast-banner-title-visibility":"disabled","ast-main-header-display":"","ast-hfb-above-header-display":"","ast-hfb-below-header-display":"","ast-hfb-mobile-header-display":"","site-post-title":"disabled","ast-breadcrumbs-content":"","ast-featured-img":"","footer-sml-layout":"","ast-disable-related-posts":"","theme-transparent-header-meta":"","adv-header-id-meta":"","stick-header-meta":"","header-above-stick-meta":"","header-main-stick-meta":"","header-below-stick-meta":"","astra-migrate-meta-layouts":"default","ast-page-background-enabled":"default","ast-page-background-meta":{"desktop":{"background-color":"var(--ast-global-color-4)","background-image":"","background-repeat":"repeat","background-position":"center center","background-size":"auto","background-attachment":"scroll","background-type":"","background-media":"","overlay-type":"","overlay-color":"","overlay-opacity":"","overlay-gradient":""},"tablet":{"background-color":"","background-image":"","background-repeat":"repeat","background-position":"center center","background-size":"auto","background-attachment":"scroll","background-type":"","background-media":"","overlay-type":"","overlay-color":"","overlay-opacity":"","overlay-gradient":""},"mobile":{"background-color":"","background-image":"","background-repeat":"repeat","background-position":"center center","background-size":"auto","background-attachment":"scroll","background-type":"","background-media":"","overlay-type":"","overlay-color":"","overlay-opacity":"","overlay-gradient":""}},"ast-content-background-meta":{"desktop":{"background-color":"var(--ast-global-color-5)","background-image":"","background-repeat":"repeat","background-position":"center center","background-size":"auto","background-attachment":"scroll","background-type":"","background-media":"","overlay-type":"","overlay-color":"","overlay-opacity":"","overlay-gradient":""},"tablet":{"background-color":"var(--ast-global-color-5)","background-image":"","background-repeat":"repeat","background-position":"center center","background-size":"auto","background-attachment":"scroll","background-type":"","background-media":"","overlay-type":"","overlay-color":"","overlay-opacity":"","overlay-gradient":""},"mobile":{"background-color":"var(--ast-global-color-5)","background-image":"","background-repeat":"repeat","background-position":"center center","background-size":"auto","background-attachment":"scroll","background-type":"","background-media":"","overlay-type":"","overlay-color":"","overlay-opacity":"","overlay-gradient":""}},"footnotes":""},"class_list":["post-4154","page","type-page","status-publish","hentry"],"uagb_featured_image_src":{"full":false,"thumbnail":false,"medium":false,"medium_large":false,"large":false,"1536x1536":false,"2048x2048":false,"trp-custom-language-flag":false},"uagb_author_info":{"display_name":"hr_admin","author_link":"https:\/\/hraward.pk.edu.pl\/en\/author\/hr_admin\/"},"uagb_comment_info":0,"uagb_excerpt":null,"_links":{"self":[{"href":"https:\/\/hraward.pk.edu.pl\/en\/wp-json\/wp\/v2\/pages\/4154","targetHints":{"allow":["GET"]}}],"collection":[{"href":"https:\/\/hraward.pk.edu.pl\/en\/wp-json\/wp\/v2\/pages"}],"about":[{"href":"https:\/\/hraward.pk.edu.pl\/en\/wp-json\/wp\/v2\/types\/page"}],"author":[{"embeddable":true,"href":"https:\/\/hraward.pk.edu.pl\/en\/wp-json\/wp\/v2\/users\/15"}],"replies":[{"embeddable":true,"href":"https:\/\/hraward.pk.edu.pl\/en\/wp-json\/wp\/v2\/comments?post=4154"}],"version-history":[{"count":8,"href":"https:\/\/hraward.pk.edu.pl\/en\/wp-json\/wp\/v2\/pages\/4154\/revisions"}],"predecessor-version":[{"id":4237,"href":"https:\/\/hraward.pk.edu.pl\/en\/wp-json\/wp\/v2\/pages\/4154\/revisions\/4237"}],"wp:attachment":[{"href":"https:\/\/hraward.pk.edu.pl\/en\/wp-json\/wp\/v2\/media?parent=4154"}],"curies":[{"name":"wp","href":"https:\/\/api.w.org\/{rel}","templated":true}]}}