{"id":3018,"date":"2025-09-19T13:11:16","date_gmt":"2025-09-19T11:11:16","guid":{"rendered":"https:\/\/hraward.pk.edu.pl\/?page_id=3018"},"modified":"2025-10-08T12:02:36","modified_gmt":"2025-10-08T10:02:36","slug":"biuro-doskonalenia-kadr","status":"publish","type":"page","link":"https:\/\/hraward.pk.edu.pl\/en\/biuro-doskonalenia-kadr\/","title":{"rendered":"STAFF EXCELLENCE OFFICE"},"content":{"rendered":"<div class=\"wp-block-cover alignfull has-ast-global-color-5-color has-text-color has-link-color has-large-font-size wp-elements-a05492d10ab9a5d5dad2fb27cab98ac1 wp-duotone-unset-1\" style=\"margin-top:0;padding-top:3vw;padding-right:3vw;padding-bottom:3vw;padding-left:3vw;min-height:300px;aspect-ratio:unset;\"><img fetchpriority=\"high\" decoding=\"async\" width=\"2000\" height=\"1316\" class=\"wp-block-cover__image-background wp-image-3737 size-full\" alt=\"\" src=\"https:\/\/hraward.pk.edu.pl\/wp-content\/uploads\/2025\/10\/SZ_66666.jpg\" data-object-fit=\"cover\" srcset=\"https:\/\/hraward.pk.edu.pl\/wp-content\/uploads\/2025\/10\/SZ_66666.jpg 2000w, https:\/\/hraward.pk.edu.pl\/wp-content\/uploads\/2025\/10\/SZ_66666-200x132.jpg 200w, https:\/\/hraward.pk.edu.pl\/wp-content\/uploads\/2025\/10\/SZ_66666-1024x674.jpg 1024w, https:\/\/hraward.pk.edu.pl\/wp-content\/uploads\/2025\/10\/SZ_66666-768x505.jpg 768w, https:\/\/hraward.pk.edu.pl\/wp-content\/uploads\/2025\/10\/SZ_66666-1536x1011.jpg 1536w\" sizes=\"(max-width: 2000px) 100vw, 2000px\" \/><span aria-hidden=\"true\" class=\"wp-block-cover__background has-background-dim-0 has-background-dim\"><\/span><div class=\"wp-block-cover__inner-container is-layout-flow wp-block-cover-is-layout-flow\">\n<div class=\"wp-block-group has-medium-font-size is-vertical is-content-justification-center is-nowrap is-layout-flex wp-container-core-group-is-layout-c6395fbc wp-block-group-is-layout-flex\" style=\"padding-top:var(--wp--preset--spacing--20);padding-bottom:var(--wp--preset--spacing--20)\">\n<p class=\"has-text-align-center has-ast-global-color-5-color has-text-color has-background has-large-font-size wp-container-content-9cfa9a5a\" style=\"background-color:#1212129c;font-style:normal;font-weight:1000;letter-spacing:1px;line-height:1;text-transform:uppercase\">STAFF EXCELLENCE OFFICE<\/p>\n<\/div>\n<\/div><\/div>\n\n\n\n<div class=\"wp-block-uagb-advanced-heading uagb-block-2b9aad24\"><h2 class=\"uagb-heading-text\">ABOUT US<\/h2><div class=\"uagb-separator\"><\/div><\/div>\n\n\n\n<div class=\"wp-block-uagb-container uagb-block-8ca91601 alignfull uagb-is-root-container\"><div class=\"uagb-container-inner-blocks-wrap\">\n<p class=\"has-text-align-center has-ast-global-color-6-background-color has-background\" style=\"font-size:21px\"><strong>Staff Excellence Office<\/strong><br>a unit of Cracow University of Technology established by the Rector on July 1, 2025.<br><strong>By Order No. 72 of June 30, 2025, concerning amendments to the Organizational Regulations of Cracow University of Technology<\/strong><br>replacing the previously existing Position for Human Resources Excellence.<\/p>\n\n\n\n<p class=\"has-text-align-center has-medium-font-size\"><strong>The tasks of the Office include, among others:<\/strong><\/p>\n\n\n\n<figure class=\"wp-block-table is-style-stripes\" style=\"font-size:18px\"><table class=\"has-fixed-layout\"><tbody><tr><td class=\"has-text-align-center\" data-align=\"center\">Coordinating all activities related to attracting and retaining<br>the prestigious HR Excellence in Research award for Cracow University of Technology;<\/td><\/tr><tr><td class=\"has-text-align-center\" data-align=\"center\">Managing and updating the website dedicated to the HR Excellence in Research award;<\/td><\/tr><tr><td class=\"has-text-align-center\" data-align=\"center\">Supervising, monitoring, and updating the implementation process of the OTM-R Policy in light of the European Charter for Researchers;<\/td><\/tr><tr><td class=\"has-text-align-center\" data-align=\"center\">Collaboration with Coordinators of the recruitment process appointed at Faculties and non-faculty units, as well as with the HR Center;<\/td><\/tr><tr><td class=\"has-text-align-center\" data-align=\"center\">Ensuring the availability of training on ethical and non-discriminatory conduct<br>of interviews and recruitment procedures applicable at Cracow University of Technology;<\/td><\/tr><tr><td class=\"has-text-align-center\" data-align=\"center\">Identifying, in cooperation with the heads of organizational units and<br>based on the assumptions of the PK Strategy, the University\u2019s needs regarding employee development and training programs;<\/td><\/tr><tr><td class=\"has-text-align-center\" data-align=\"center\">Collecting information on opportunities for conducting and organizing training<br>independently by PK organizational units (including PK staff),<br>or outsourcing their delivery to external entities;<\/td><\/tr><tr><td class=\"has-text-align-center\" data-align=\"center\">Collecting information on available external training services<br>and the entities providing such services; coordinating the organization of training processes conducted by PK organizational units (including PK staff) as well as external entities for PK employees;<\/td><\/tr><tr><td class=\"has-text-align-center\" data-align=\"center\">Developing a university-wide training offer in line with the PK Strategy and the principles<br>of PK employee development programs, taking into account career development paths<br>within specific employee groups;<\/td><\/tr><tr><td class=\"has-text-align-center\" data-align=\"center\">Developing annual plans for mandatory training for PK employees;<\/td><\/tr><tr><td class=\"has-text-align-center\" data-align=\"center\">Organizing trainings included in the plans as well as ad hoc trainings conducted<br>in response to changes in the socio-economic and legal environment;<\/td><\/tr><tr><td class=\"has-text-align-center\" data-align=\"center\">Conducting an annual assessment of the quality and effectiveness of trainings conducted at PK<br>and the implemented employee development programs at PK;<\/td><\/tr><tr><td class=\"has-text-align-center\" data-align=\"center\">Proposing the implementation of measures to improve development and training programs.<\/td><\/tr><tr><td class=\"has-text-align-center\" data-align=\"center\">Monitoring the development of PK\u2019s research and teaching staff in terms of structure<br>age-wise, in the context of guidelines for the evaluation of scientific activity;<\/td><\/tr><\/tbody><\/table><\/figure>\n<\/div><\/div>\n\n\n\n<div class=\"wp-block-uagb-advanced-heading uagb-block-ad1eb136\"><h2 class=\"uagb-heading-text\">OUR TEAM<\/h2><div class=\"uagb-separator\"><\/div><\/div>\n\n\n\n<div class=\"wp-block-columns is-layout-flex wp-container-core-columns-is-layout-28f84493 wp-block-columns-is-layout-flex\">\n<div class=\"wp-block-column is-layout-flow wp-block-column-is-layout-flow\">\n<figure class=\"wp-block-image aligncenter size-full\"><img decoding=\"async\" width=\"511\" height=\"523\" src=\"https:\/\/hraward.pk.edu.pl\/wp-content\/uploads\/2025\/09\/profilooooowe.png\" alt=\"\" class=\"wp-image-3011\" srcset=\"https:\/\/hraward.pk.edu.pl\/wp-content\/uploads\/2025\/09\/profilooooowe.png 511w, https:\/\/hraward.pk.edu.pl\/wp-content\/uploads\/2025\/09\/profilooooowe-147x150.png 147w\" sizes=\"(max-width: 511px) 100vw, 511px\" \/><\/figure>\n<\/div>\n\n\n\n<div class=\"wp-block-column is-vertically-aligned-top is-layout-flow wp-block-column-is-layout-flow\">\n<h2 class=\"wp-block-heading has-text-align-center\" style=\"margin-top:var(--wp--preset--spacing--50);margin-bottom:var(--wp--preset--spacing--50)\">mgr Renata Ksi\u0105\u017cek-Partyka<\/h2>\n\n\n\n<div class=\"wp-block-uagb-separator uagb-block-649db2cb wp-block-uagb-separator--icon\"><div class=\"wp-block-uagb-separator__inner\" style=\"--my-background-image:\"><div class=\"wp-block-uagb-separator-element\"><svg xmlns=\"https:\/\/www.w3.org\/2000\/svg\" viewbox=\"0 0 576 512\"><path d=\"M381.2 150.3L524.9 171.5C536.8 173.2 546.8 181.6 550.6 193.1C554.4 204.7 551.3 217.3 542.7 225.9L438.5 328.1L463.1 474.7C465.1 486.7 460.2 498.9 450.2 506C440.3 513.1 427.2 514 416.5 508.3L288.1 439.8L159.8 508.3C149 514 135.9 513.1 126 506C116.1 498.9 111.1 486.7 113.2 474.7L137.8 328.1L33.58 225.9C24.97 217.3 21.91 204.7 25.69 193.1C29.46 181.6 39.43 173.2 51.42 171.5L195 150.3L259.4 17.97C264.7 6.954 275.9-.0391 288.1-.0391C300.4-.0391 311.6 6.954 316.9 17.97L381.2 150.3z\"><\/path><\/svg><\/div><\/div><\/div>\n\n\n\n<p class=\"has-text-align-center has-ast-global-color-6-background-color has-background\" style=\"border-width:3px;font-size:17px\">\u260e\ufe0f 12 628 28 62<br>renata.ksiazek-partyka@pk.edu.pl<\/p>\n\n\n\n<p class=\"has-text-align-center\" style=\"font-size:15px\">Graduate of the Academy of Economics in Krak\u00f3w<br>(now Cracow University of Economics), majoring in<br><strong>Management<\/strong> <strong>and Marketing<\/strong>with a specialization in <strong>Human Resource Management.<\/strong>She also completed postgraduate studies in Career Counseling at Cracow University of Technology.<br><br>Since 2008, she has been associated with PK, where she served for 13 years as the Head of the Dean\u2019s Office at the Faculty of Environmental<br>and Power Engineering. From 2021 to 2025, she worked as a Senior Specialist in the Rector\u2019s Secretariat at Cracow University of Technology. She currently leads the Human Resources Development Office, overseeing<br>the HR Excellence strategy, OTM-R, and the development of HR policies.<br><br>Privately, she is a fan of music, film, and Italian cuisine.<\/p>\n<\/div>\n<\/div>\n\n\n\n<div class=\"wp-block-columns is-layout-flex wp-container-core-columns-is-layout-28f84493 wp-block-columns-is-layout-flex\">\n<div class=\"wp-block-column is-layout-flow wp-block-column-is-layout-flow\">\n<h2 class=\"wp-block-heading has-text-align-center\" style=\"margin-top:var(--wp--preset--spacing--50);margin-bottom:var(--wp--preset--spacing--50)\">mgr Ewelina Szel\u0105g<\/h2>\n\n\n\n<div class=\"wp-block-uagb-separator uagb-block-05da9a68 wp-block-uagb-separator--icon\"><div class=\"wp-block-uagb-separator__inner\" style=\"--my-background-image:\"><div class=\"wp-block-uagb-separator-element\"><svg xmlns=\"https:\/\/www.w3.org\/2000\/svg\" viewbox=\"0 0 576 512\"><path d=\"M381.2 150.3L524.9 171.5C536.8 173.2 546.8 181.6 550.6 193.1C554.4 204.7 551.3 217.3 542.7 225.9L438.5 328.1L463.1 474.7C465.1 486.7 460.2 498.9 450.2 506C440.3 513.1 427.2 514 416.5 508.3L288.1 439.8L159.8 508.3C149 514 135.9 513.1 126 506C116.1 498.9 111.1 486.7 113.2 474.7L137.8 328.1L33.58 225.9C24.97 217.3 21.91 204.7 25.69 193.1C29.46 181.6 39.43 173.2 51.42 171.5L195 150.3L259.4 17.97C264.7 6.954 275.9-.0391 288.1-.0391C300.4-.0391 311.6 6.954 316.9 17.97L381.2 150.3z\"><\/path><\/svg><\/div><\/div><\/div>\n\n\n\n<p class=\"has-text-align-center has-ast-global-color-6-background-color has-background\" style=\"border-width:3px;font-size:17px\">\u260e\ufe0f 12 628 28 63<br>ewelina.szelag@pk.edu.pl<\/p>\n\n\n\n<p class=\"has-text-align-center\" style=\"font-size:15px\">Graduate of Jagiellonian University, majoring in <strong>History<\/strong>as well as postgraduate studies <strong>Local Government<\/strong> <strong>and Administration<\/strong><br>at the Higher School of Public Administration in Kielce.<br><br>An administrative employee with experience in local government structures as well as several years of corporate experience, including in HR. She has been associated with Cracow University of Technology since December 2022, initially employed as an administrative staff member at the Research Center \u2013 Laboratory of Extremely Low Temperatures, from July 2025 at the Position for Human Resources Excellence, and since August 2025 at the newly established Human Resources Development Office at PK.<br><br>Privately, she is a fan of the culture and language of Italy and South Korea.<br>In her free time, she enjoys reading books, exploring new countries and languages, and traveling. She is interested in sports, particularly basketball, and maintaining a healthy lifestyle.<\/p>\n\n\n\n<p class=\"has-text-align-center\"><\/p>\n<\/div>\n\n\n\n<div class=\"wp-block-column is-vertically-aligned-top is-layout-flow wp-block-column-is-layout-flow\">\n<figure class=\"wp-block-image aligncenter size-full\"><img decoding=\"async\" width=\"511\" height=\"523\" src=\"https:\/\/hraward.pk.edu.pl\/wp-content\/uploads\/2025\/09\/profilooooowe.png\" alt=\"\" class=\"wp-image-3011\" srcset=\"https:\/\/hraward.pk.edu.pl\/wp-content\/uploads\/2025\/09\/profilooooowe.png 511w, https:\/\/hraward.pk.edu.pl\/wp-content\/uploads\/2025\/09\/profilooooowe-147x150.png 147w\" sizes=\"(max-width: 511px) 100vw, 511px\" \/><\/figure>\n<\/div>\n<\/div>\n\n\n\n<div class=\"wp-block-uagb-advanced-heading uagb-block-1de24703\"><h2 class=\"uagb-heading-text\">CONTACT INFORMATION<\/h2><div class=\"uagb-separator\"><\/div><\/div>\n\n\n\n<p class=\"has-text-align-center\"><strong>Staff Excellence Office<\/strong><br>Politechnika Krakowska im. Tadeusza Ko\u015bciuszki<br>ul. Warszawska 24 31-155 Krak\u00f3w<\/p>\n\n\n\n<p class=\"has-text-align-center\"><strong>Adres email:<\/strong><br><a href=\"mailto:hr_award@pk.edu.pl\" target=\"_blank\" rel=\"noreferrer noopener\">hr_award@pk.edu.pl<\/a><\/p>\n\n\n\t\t\t<div data-aos= \"fade\" data-aos-duration=\"400\" data-aos-delay=\"0\" data-aos-easing=\"ease\" data-aos-once=\"true\" \n\t\t\tclass=\"wp-block-uagb-google-map uagb-google-map__wrap uagb-block-474fe282\"\n\t\t\tstyle=\"\" >\n\t\t\t\t<embed\n\t\t\t\t\tclass=\"uagb-google-map__iframe\"\n\t\t\t\t\ttitle=\"Google Map for \"\n\t\t\t\t\tsrc=\"https:\/\/maps.google.com\/maps?q=Politechnika%20Krakowska&#038;z=11&#038;hl=pl&#038;t=m&#038;output=embed&#038;iwloc=near\"\n\t\t\t\t\twidth=\"640\"\n\t\t\t\t\theight=\"300\"\n\t\t\t\t\tloading=\"lazy\"\n\t\t\t\t><\/embed>\n\t\t\t<\/div>\n\t\t\t\n\n\n<p><\/p>","protected":false},"excerpt":{"rendered":"<p>O NAS Biuro Doskonalenia Kadrjednostka Politechniki Krakowskiej powo\u0142ana przez Rektora z dniem 1 lipca 2025 r.Zarz\u0105dzeniem nr 72 z 30 czerwca 2025 r. w sprawie zmian w Regulaminie Organizacyjnym PKw miejsce istniej\u0105cego dotychczas Stanowiska ds. Doskona\u0142o\u015bci Kadr. Do zada\u0144 Biura nale\u017cy m.in.: Koordynowanie wszelkich czynno\u015bci zwi\u0105zanych z pozyskaniem i utrzymaniem przezPolitechnik\u0119 Krakowsk\u0105 presti\u017cowego wyr\u00f3\u017cnienia HR [&hellip;]<\/p>\n","protected":false},"author":15,"featured_media":0,"parent":0,"menu_order":0,"comment_status":"closed","ping_status":"closed","template":"","meta":{"inline_featured_image":false,"_uag_custom_page_level_css":"","site-sidebar-layout":"default","site-content-layout":"","ast-site-content-layout":"normal-width-container","site-content-style":"boxed","site-sidebar-style":"default","ast-global-header-display":"","ast-banner-title-visibility":"","ast-main-header-display":"","ast-hfb-above-header-display":"","ast-hfb-below-header-display":"","ast-hfb-mobile-header-display":"","site-post-title":"disabled","ast-breadcrumbs-content":"","ast-featured-img":"","footer-sml-layout":"","ast-disable-related-posts":"","theme-transparent-header-meta":"","adv-header-id-meta":"","stick-header-meta":"","header-above-stick-meta":"","header-main-stick-meta":"","header-below-stick-meta":"","astra-migrate-meta-layouts":"default","ast-page-background-enabled":"default","ast-page-background-meta":{"desktop":{"background-color":"var(--ast-global-color-4)","background-image":"","background-repeat":"repeat","background-position":"center center","background-size":"auto","background-attachment":"scroll","background-type":"","background-media":"","overlay-type":"","overlay-color":"","overlay-opacity":"","overlay-gradient":""},"tablet":{"background-color":"","background-image":"","background-repeat":"repeat","background-position":"center center","background-size":"auto","background-attachment":"scroll","background-type":"","background-media":"","overlay-type":"","overlay-color":"","overlay-opacity":"","overlay-gradient":""},"mobile":{"background-color":"","background-image":"","background-repeat":"repeat","background-position":"center center","background-size":"auto","background-attachment":"scroll","background-type":"","background-media":"","overlay-type":"","overlay-color":"","overlay-opacity":"","overlay-gradient":""}},"ast-content-background-meta":{"desktop":{"background-color":"var(--ast-global-color-5)","background-image":"","background-repeat":"repeat","background-position":"center center","background-size":"auto","background-attachment":"scroll","background-type":"","background-media":"","overlay-type":"","overlay-color":"","overlay-opacity":"","overlay-gradient":""},"tablet":{"background-color":"var(--ast-global-color-5)","background-image":"","background-repeat":"repeat","background-position":"center center","background-size":"auto","background-attachment":"scroll","background-type":"","background-media":"","overlay-type":"","overlay-color":"","overlay-opacity":"","overlay-gradient":""},"mobile":{"background-color":"var(--ast-global-color-5)","background-image":"","background-repeat":"repeat","background-position":"center center","background-size":"auto","background-attachment":"scroll","background-type":"","background-media":"","overlay-type":"","overlay-color":"","overlay-opacity":"","overlay-gradient":""}},"footnotes":""},"class_list":["post-3018","page","type-page","status-publish","hentry"],"uagb_featured_image_src":{"full":false,"thumbnail":false,"medium":false,"medium_large":false,"large":false,"1536x1536":false,"2048x2048":false,"trp-custom-language-flag":false},"uagb_author_info":{"display_name":"hr_admin","author_link":"https:\/\/hraward.pk.edu.pl\/en\/author\/hr_admin\/"},"uagb_comment_info":0,"uagb_excerpt":"O NAS Biuro Doskonalenia Kadrjednostka Politechniki Krakowskiej powo\u0142ana przez Rektora z dniem 1 lipca 2025 r.Zarz\u0105dzeniem nr 72 z 30 czerwca 2025 r. w sprawie zmian w Regulaminie Organizacyjnym PKw miejsce istniej\u0105cego dotychczas Stanowiska ds. Doskona\u0142o\u015bci Kadr. Do zada\u0144 Biura nale\u017cy m.in.: Koordynowanie wszelkich czynno\u015bci zwi\u0105zanych z pozyskaniem i utrzymaniem przezPolitechnik\u0119 Krakowsk\u0105 presti\u017cowego wyr\u00f3\u017cnienia HR&hellip;","_links":{"self":[{"href":"https:\/\/hraward.pk.edu.pl\/en\/wp-json\/wp\/v2\/pages\/3018","targetHints":{"allow":["GET"]}}],"collection":[{"href":"https:\/\/hraward.pk.edu.pl\/en\/wp-json\/wp\/v2\/pages"}],"about":[{"href":"https:\/\/hraward.pk.edu.pl\/en\/wp-json\/wp\/v2\/types\/page"}],"author":[{"embeddable":true,"href":"https:\/\/hraward.pk.edu.pl\/en\/wp-json\/wp\/v2\/users\/15"}],"replies":[{"embeddable":true,"href":"https:\/\/hraward.pk.edu.pl\/en\/wp-json\/wp\/v2\/comments?post=3018"}],"version-history":[{"count":93,"href":"https:\/\/hraward.pk.edu.pl\/en\/wp-json\/wp\/v2\/pages\/3018\/revisions"}],"predecessor-version":[{"id":3769,"href":"https:\/\/hraward.pk.edu.pl\/en\/wp-json\/wp\/v2\/pages\/3018\/revisions\/3769"}],"wp:attachment":[{"href":"https:\/\/hraward.pk.edu.pl\/en\/wp-json\/wp\/v2\/media?parent=3018"}],"curies":[{"name":"wp","href":"https:\/\/api.w.org\/{rel}","templated":true}]}}