{"id":2572,"date":"2025-09-05T10:19:09","date_gmt":"2025-09-05T08:19:09","guid":{"rendered":"https:\/\/hraward.pk.edu.pl\/?page_id=2572"},"modified":"2026-05-14T12:30:12","modified_gmt":"2026-05-14T10:30:12","slug":"europejska-karta-naukowca","status":"publish","type":"page","link":"https:\/\/hraward.pk.edu.pl\/en\/europejska-karta-naukowca\/","title":{"rendered":"EUROPEAN CHARTER FOR RESEARCHERS"},"content":{"rendered":"<div class=\"wp-block-cover alignfull is-light has-ast-global-color-5-color has-text-color has-link-color has-large-font-size wp-elements-d3448986adb66f004c75aae21523e8e2 wp-duotone-unset-1\" style=\"margin-top:0;padding-top:3vw;padding-right:3vw;padding-bottom:3vw;padding-left:3vw;min-height:300px;aspect-ratio:unset;\"><img fetchpriority=\"high\" decoding=\"async\" width=\"2000\" height=\"1333\" class=\"wp-block-cover__image-background wp-image-3718 size-full\" alt=\"\" src=\"https:\/\/hraward.pk.edu.pl\/wp-content\/uploads\/2025\/10\/54505055211_a0178e8ffe_o.jpg\" data-object-fit=\"cover\" srcset=\"https:\/\/hraward.pk.edu.pl\/wp-content\/uploads\/2025\/10\/54505055211_a0178e8ffe_o.jpg 2000w, https:\/\/hraward.pk.edu.pl\/wp-content\/uploads\/2025\/10\/54505055211_a0178e8ffe_o-200x133.jpg 200w, https:\/\/hraward.pk.edu.pl\/wp-content\/uploads\/2025\/10\/54505055211_a0178e8ffe_o-1024x682.jpg 1024w, https:\/\/hraward.pk.edu.pl\/wp-content\/uploads\/2025\/10\/54505055211_a0178e8ffe_o-768x512.jpg 768w, https:\/\/hraward.pk.edu.pl\/wp-content\/uploads\/2025\/10\/54505055211_a0178e8ffe_o-1536x1024.jpg 1536w\" sizes=\"(max-width: 2000px) 100vw, 2000px\" \/><span aria-hidden=\"true\" class=\"wp-block-cover__background has-background-dim-0 has-background-dim\"><\/span><div class=\"wp-block-cover__inner-container is-layout-flow wp-block-cover-is-layout-flow\">\n<div class=\"wp-block-group has-medium-font-size is-vertical is-content-justification-center is-nowrap is-layout-flex wp-container-core-group-is-layout-c6395fbc wp-block-group-is-layout-flex\" style=\"padding-top:var(--wp--preset--spacing--20);padding-bottom:var(--wp--preset--spacing--20)\">\n<p class=\"has-text-align-center has-ast-global-color-5-color has-text-color has-background has-large-font-size wp-container-content-9cfa9a5a\" style=\"background-color:#1212129c;font-style:normal;font-weight:1000;letter-spacing:1px;line-height:1;text-transform:uppercase\"><strong>EUROPEAN CHARTER FOR RESEARCHERS<\/strong><\/p>\n<\/div>\n<\/div><\/div>\n\n\n\n<div class=\"wp-block-uagb-container uagb-block-57af4ec5 default uagb-is-root-container\">\n<div class=\"wp-block-uagb-separator uagb-block-7e5cd035 wp-block-uagb-separator--icon\"><div class=\"uagb-separator-spacing-wrapper\"><div class=\"wp-block-uagb-separator__inner\" style=\"--my-background-image:\"><div class=\"wp-block-uagb-separator-element\"><svg xmlns=\"https:\/\/www.w3.org\/2000\/svg\" viewbox=\"0 0 512 512\"><path d=\"M512 256C512 397.4 397.4 512 256 512C114.6 512 0 397.4 0 256C0 114.6 114.6 0 256 0C397.4 0 512 114.6 512 256z\"><\/path><\/svg><\/div><\/div><\/div><\/div>\n\n\n\n<p class=\"has-text-align-center\" style=\"font-size:23px\">The European Charter for Researchers (hereinafter referred to as the \u201cCharter for Researchers\u201d) is a set of principles aimed at fostering attractive research careers to support excellence in scientific research and innovation across Europe. It focuses on the rights and responsibilities of researchers, employers, funders, and policymakers.<\/p>\n\n\n\n<div class=\"wp-block-buttons is-content-justification-center is-layout-flex wp-container-core-buttons-is-layout-a89b3969 wp-block-buttons-is-layout-flex\">\n<div class=\"wp-block-button\"><a class=\"wp-block-button__link wp-element-button\" href=\"https:\/\/hraward.pk.edu.pl\/wp-content\/uploads\/2026\/01\/Europan-Charter-for-Researchers.pdf\" target=\"_blank\" rel=\"noreferrer noopener\">The European Charter for Researchers<\/a><\/div>\n\n\n\n<div class=\"wp-block-button\"><a class=\"wp-block-button__link wp-element-button\" href=\"https:\/\/hraward.pk.edu.pl\/wp-content\/uploads\/2026\/05\/European-Charter-for-Researchers-FINAL_PL.pdf\" target=\"_blank\" rel=\"noreferrer noopener\">European Charter for Researchers<\/a><\/div>\n<\/div>\n\n\n\n<div class=\"wp-block-columns alignwide are-vertically-aligned-center is-layout-flex wp-container-core-columns-is-layout-0884d4d2 wp-block-columns-is-layout-flex\" style=\"margin-top:var(--wp--preset--spacing--50);margin-bottom:var(--wp--preset--spacing--50)\">\n<div class=\"wp-block-column is-vertically-aligned-center is-layout-flow wp-block-column-is-layout-flow\" style=\"flex-basis:40%\">\n<figure class=\"wp-block-image aligncenter size-large is-resized\"><img decoding=\"async\" width=\"454\" height=\"1024\" src=\"https:\/\/hraward.pk.edu.pl\/wp-content\/uploads\/2025\/09\/erocard-454x1024.png\" alt=\"\" class=\"wp-image-2829\" style=\"width:266px;height:auto\" srcset=\"https:\/\/hraward.pk.edu.pl\/wp-content\/uploads\/2025\/09\/erocard-454x1024.png 454w, https:\/\/hraward.pk.edu.pl\/wp-content\/uploads\/2025\/09\/erocard-66x150.png 66w, https:\/\/hraward.pk.edu.pl\/wp-content\/uploads\/2025\/09\/erocard.png 644w\" sizes=\"(max-width: 454px) 100vw, 454px\" \/><\/figure>\n<\/div>\n\n\n\n<div class=\"wp-block-column is-vertically-aligned-center is-layout-flow wp-block-column-is-layout-flow\" style=\"flex-basis:60%\">\n<p class=\"has-text-align-center\" style=\"font-size:20px\"><strong>The Charter for Researchers contains 20 key principles.<\/strong><br><strong>They are classified within four pillars:<\/strong><\/p>\n\n\n\n<ul class=\"wp-block-list\">\n<li class=\"has-medium-font-size\">ethics, integrity, gender and socio-cultural aspects, and open science;<\/li>\n\n\n\n<li class=\"has-medium-font-size\">evaluation, recruitment, and career progression of researchers;<\/li>\n\n\n\n<li class=\"has-medium-font-size\">working conditions and practices;<\/li>\n\n\n\n<li class=\"has-medium-font-size\">research careers and talent development.<\/li>\n<\/ul>\n\n\n\n<p class=\"has-medium-font-size\"><strong><strong>The Charter for Researchers is aimed at all researchers and the sectors in which research activities are conducted.<\/strong><\/strong> <strong><strong>i odpowiednich organizacji parasolowych:<\/strong><\/strong><\/p>\n\n\n\n<ul class=\"wp-block-list\">\n<li class=\"has-medium-font-size\">Researchers in all sectors, academic environments, as well as public and private research organizations;<\/li>\n\n\n\n<li class=\"has-medium-font-size\">Employers of researchers in both the public and private sectors;<\/li>\n\n\n\n<li class=\"has-medium-font-size\">Research funders as well as researchers in the public and private sectors;<\/li>\n\n\n\n<li class=\"has-medium-font-size\">Policymakers responsible for policies related to the Charter.<\/li>\n<\/ul>\n<\/div>\n<\/div>\n<\/div>\n\n\n\n<div class=\"wp-block-uagb-separator uagb-block-5ff824f2\"><div class=\"uagb-separator-spacing-wrapper\"><div class=\"wp-block-uagb-separator__inner\" style=\"--my-background-image:\"><\/div><\/div><\/div>\n\n\n\n<p class=\"has-text-align-center\" style=\"font-size:17px\"><strong>The Charter is aimed at researchers from all disciplines, including natural sciences, technology, engineering, and mathematics (STEM), as well as social sciences and humanities. It covers all types of research, from pioneering, targeted, strategic, applied, to market-oriented studies.<\/strong><\/p>\n\n\n\n<p class=\"has-text-align-center\">More information about the European Charter for Researchers can be found in the file below:<\/p>\n\n\n\n<div class=\"wp-block-buttons is-content-justification-center is-layout-flex wp-container-core-buttons-is-layout-a89b3969 wp-block-buttons-is-layout-flex\">\n<div class=\"wp-block-button\"><a class=\"wp-block-button__link wp-element-button\" href=\"https:\/\/eur-lex.europa.eu\/legal-content\/PL\/TXT\/PDF\/?uri=OJ:C_202301640\">Europejska Karta Naukowca &#8211; Zalecenia Rady<\/a><\/div>\n<\/div>\n\n\n\n<div class=\"wp-block-buttons is-content-justification-center is-layout-flex wp-container-core-buttons-is-layout-a89b3969 wp-block-buttons-is-layout-flex\">\n<div class=\"wp-block-button\"><a class=\"wp-block-button__link wp-element-button\" href=\"https:\/\/hraward.pk.edu.pl\/wp-content\/uploads\/2025\/09\/OJ_C_202301640_EN_TXT.pdf\">The European Charter for Researchers &#8211; Council Recommendation<\/a><\/div>\n<\/div>\n\n\n\n<p class=\"has-text-align-center\"><\/p>\n\n\n\n<p><\/p>","protected":false},"excerpt":{"rendered":"<p>Europejska Karta Naukowca (zwana dalej &#8222;Kart\u0105 Naukowca&#8221;) to zbi\u00f3r zasad le\u017c\u0105cych u podstaw rozwoju atrakcyjnych karier naukowych w celu wspierania doskona\u0142o\u015bci w badaniach naukowych i innowacjach w ca\u0142ej Europie. Skoncentrowano si\u0119 w niej na prawach i obowi\u0105zkach naukowc\u00f3w, pracodawc\u00f3w, grantodawc\u00f3w i decydent\u00f3w. W Karcie Naukowca zawarto 20 kluczowych zasad.Zosta\u0142y one sklasyfikowane w ramach czterech filar\u00f3w: [&hellip;]<\/p>\n","protected":false},"author":15,"featured_media":0,"parent":0,"menu_order":0,"comment_status":"closed","ping_status":"closed","template":"","meta":{"inline_featured_image":false,"_uag_custom_page_level_css":"","site-sidebar-layout":"default","site-content-layout":"","ast-site-content-layout":"narrow-width-container","site-content-style":"boxed","site-sidebar-style":"default","ast-global-header-display":"","ast-banner-title-visibility":"disabled","ast-main-header-display":"","ast-hfb-above-header-display":"","ast-hfb-below-header-display":"","ast-hfb-mobile-header-display":"","site-post-title":"","ast-breadcrumbs-content":"","ast-featured-img":"","footer-sml-layout":"","ast-disable-related-posts":"","theme-transparent-header-meta":"","adv-header-id-meta":"","stick-header-meta":"","header-above-stick-meta":"","header-main-stick-meta":"","header-below-stick-meta":"","astra-migrate-meta-layouts":"default","ast-page-background-enabled":"default","ast-page-background-meta":{"desktop":{"background-color":"var(--ast-global-color-4)","background-image":"","background-repeat":"repeat","background-position":"center center","background-size":"auto","background-attachment":"scroll","background-type":"","background-media":"","overlay-type":"","overlay-color":"","overlay-opacity":"","overlay-gradient":""},"tablet":{"background-color":"","background-image":"","background-repeat":"repeat","background-position":"center center","background-size":"auto","background-attachment":"scroll","background-type":"","background-media":"","overlay-type":"","overlay-color":"","overlay-opacity":"","overlay-gradient":""},"mobile":{"background-color":"","background-image":"","background-repeat":"repeat","background-position":"center center","background-size":"auto","background-attachment":"scroll","background-type":"","background-media":"","overlay-type":"","overlay-color":"","overlay-opacity":"","overlay-gradient":""}},"ast-content-background-meta":{"desktop":{"background-color":"var(--ast-global-color-5)","background-image":"","background-repeat":"repeat","background-position":"center center","background-size":"auto","background-attachment":"scroll","background-type":"","background-media":"","overlay-type":"","overlay-color":"","overlay-opacity":"","overlay-gradient":""},"tablet":{"background-color":"var(--ast-global-color-5)","background-image":"","background-repeat":"repeat","background-position":"center center","background-size":"auto","background-attachment":"scroll","background-type":"","background-media":"","overlay-type":"","overlay-color":"","overlay-opacity":"","overlay-gradient":""},"mobile":{"background-color":"var(--ast-global-color-5)","background-image":"","background-repeat":"repeat","background-position":"center center","background-size":"auto","background-attachment":"scroll","background-type":"","background-media":"","overlay-type":"","overlay-color":"","overlay-opacity":"","overlay-gradient":""}},"footnotes":""},"class_list":["post-2572","page","type-page","status-publish","hentry"],"uagb_featured_image_src":{"full":false,"thumbnail":false,"medium":false,"medium_large":false,"large":false,"1536x1536":false,"2048x2048":false,"trp-custom-language-flag":false},"uagb_author_info":{"display_name":"hr_admin","author_link":"https:\/\/hraward.pk.edu.pl\/en\/author\/hr_admin\/"},"uagb_comment_info":0,"uagb_excerpt":"Europejska Karta Naukowca (zwana dalej &#8222;Kart\u0105 Naukowca&#8221;) to zbi\u00f3r zasad le\u017c\u0105cych u podstaw rozwoju atrakcyjnych karier naukowych w celu wspierania doskona\u0142o\u015bci w badaniach naukowych i innowacjach w ca\u0142ej Europie. Skoncentrowano si\u0119 w niej na prawach i obowi\u0105zkach naukowc\u00f3w, pracodawc\u00f3w, grantodawc\u00f3w i decydent\u00f3w. W Karcie Naukowca zawarto 20 kluczowych zasad.Zosta\u0142y one sklasyfikowane w ramach czterech filar\u00f3w:&hellip;","_links":{"self":[{"href":"https:\/\/hraward.pk.edu.pl\/en\/wp-json\/wp\/v2\/pages\/2572","targetHints":{"allow":["GET"]}}],"collection":[{"href":"https:\/\/hraward.pk.edu.pl\/en\/wp-json\/wp\/v2\/pages"}],"about":[{"href":"https:\/\/hraward.pk.edu.pl\/en\/wp-json\/wp\/v2\/types\/page"}],"author":[{"embeddable":true,"href":"https:\/\/hraward.pk.edu.pl\/en\/wp-json\/wp\/v2\/users\/15"}],"replies":[{"embeddable":true,"href":"https:\/\/hraward.pk.edu.pl\/en\/wp-json\/wp\/v2\/comments?post=2572"}],"version-history":[{"count":60,"href":"https:\/\/hraward.pk.edu.pl\/en\/wp-json\/wp\/v2\/pages\/2572\/revisions"}],"predecessor-version":[{"id":4438,"href":"https:\/\/hraward.pk.edu.pl\/en\/wp-json\/wp\/v2\/pages\/2572\/revisions\/4438"}],"wp:attachment":[{"href":"https:\/\/hraward.pk.edu.pl\/en\/wp-json\/wp\/v2\/media?parent=2572"}],"curies":[{"name":"wp","href":"https:\/\/api.w.org\/{rel}","templated":true}]}}